{"id":349,"date":"2022-08-16T14:58:10","date_gmt":"2022-08-16T14:58:10","guid":{"rendered":"https:\/\/lizando-gmbh.de\/?page_id=349"},"modified":"2024-03-04T10:40:03","modified_gmt":"2024-03-04T10:40:03","slug":"manuela-marz","status":"publish","type":"page","link":"https:\/\/lizando-gmbh.de\/index.php\/ueber-uns\/manuela-marz\/","title":{"rendered":"Manuela M\u00e4rz"},"content":{"rendered":"\t\t<div data-elementor-type=\"wp-page\" data-elementor-id=\"349\" class=\"elementor elementor-349\" data-elementor-post-type=\"page\">\n\t\t\t\t\t\t<section class=\"elementor-section elementor-top-section elementor-element elementor-element-614fc13 elementor-section-boxed elementor-section-height-default elementor-section-height-default\" data-id=\"614fc13\" data-element_type=\"section\">\n\t\t\t\t\t\t<div class=\"elementor-container elementor-column-gap-default\">\n\t\t\t\t\t<div class=\"elementor-column elementor-col-100 elementor-top-column elementor-element elementor-element-37080aa\" data-id=\"37080aa\" data-element_type=\"column\">\n\t\t\t<div class=\"elementor-widget-wrap elementor-element-populated\">\n\t\t\t\t\t\t<div class=\"elementor-element elementor-element-4b3e0b1 elementor-widget elementor-widget-heading\" data-id=\"4b3e0b1\" data-element_type=\"widget\" data-widget_type=\"heading.default\">\n\t\t\t\t<div class=\"elementor-widget-container\">\n\t\t\t\t\t<h2 class=\"elementor-heading-title elementor-size-default\">Manuela M\u00e4rz<\/h2>\t\t\t\t<\/div>\n\t\t\t\t<\/div>\n\t\t\t\t<section class=\"elementor-section elementor-inner-section elementor-element elementor-element-7a0fca7 elementor-section-boxed elementor-section-height-default elementor-section-height-default\" data-id=\"7a0fca7\" data-element_type=\"section\">\n\t\t\t\t\t\t<div class=\"elementor-container elementor-column-gap-default\">\n\t\t\t\t\t<div class=\"elementor-column elementor-col-33 elementor-inner-column elementor-element elementor-element-36ba598\" data-id=\"36ba598\" data-element_type=\"column\">\n\t\t\t<div class=\"elementor-widget-wrap elementor-element-populated\">\n\t\t\t\t\t\t<div class=\"elementor-element elementor-element-18dde45 elementor-widget elementor-widget-image\" data-id=\"18dde45\" data-element_type=\"widget\" data-widget_type=\"image.default\">\n\t\t\t\t<div class=\"elementor-widget-container\">\n\t\t\t\t\t\t\t\t\t\t\t\t\t\t\t<img fetchpriority=\"high\" decoding=\"async\" width=\"1536\" height=\"1229\" src=\"https:\/\/lizando-gmbh.de\/wp-content\/uploads\/2022\/08\/76c20f54-3-1536x1229.jpg\" class=\"attachment-1536x1536 size-1536x1536 wp-image-307\" alt=\"\" srcset=\"https:\/\/lizando-gmbh.de\/wp-content\/uploads\/2022\/08\/76c20f54-3-1536x1229.jpg 1536w, https:\/\/lizando-gmbh.de\/wp-content\/uploads\/2022\/08\/76c20f54-3-600x480.jpg 600w, https:\/\/lizando-gmbh.de\/wp-content\/uploads\/2022\/08\/76c20f54-3-300x240.jpg 300w, https:\/\/lizando-gmbh.de\/wp-content\/uploads\/2022\/08\/76c20f54-3-1024x819.jpg 1024w, https:\/\/lizando-gmbh.de\/wp-content\/uploads\/2022\/08\/76c20f54-3-768x614.jpg 768w, https:\/\/lizando-gmbh.de\/wp-content\/uploads\/2022\/08\/76c20f54-3-1568x1254.jpg 1568w, https:\/\/lizando-gmbh.de\/wp-content\/uploads\/2022\/08\/76c20f54-3.jpg 2000w\" sizes=\"(max-width: 1536px) 100vw, 1536px\" \/>\t\t\t\t\t\t\t\t\t\t\t\t\t\t\t<\/div>\n\t\t\t\t<\/div>\n\t\t\t\t\t<\/div>\n\t\t<\/div>\n\t\t\t\t<div class=\"elementor-column elementor-col-66 elementor-inner-column elementor-element elementor-element-d91cd02\" data-id=\"d91cd02\" data-element_type=\"column\">\n\t\t\t<div class=\"elementor-widget-wrap elementor-element-populated\">\n\t\t\t\t\t\t<div class=\"elementor-element elementor-element-afc21f5 elementor-widget elementor-widget-text-editor\" data-id=\"afc21f5\" data-element_type=\"widget\" data-widget_type=\"text-editor.default\">\n\t\t\t\t<div class=\"elementor-widget-container\">\n\t\t\t\t\t\t\t\t\t<div>\n<p><i>Gr\u00fcndungsgesellschafterin \u2013 Prokuristin<br>\nM.Sc. Molekularbiologie<br>\nKundenbetreuung, Beratung, Vertrieb und Produktentstehung<\/i><\/p>\n<p>Als langj\u00e4hrige Reiterin, Pferde- sowie Hundebesitzerin besch\u00e4ftige ich mich nat\u00fcrlich schon viele Jahre mit der ad\u00e4quaten Versorgung meiner Vierbeiner.<\/p>\n<\/div>\n<div>So&nbsp;vielf\u00e4ltig deren Charaktere sind, so vielf\u00e4ltig sind auch Ihre Bed\u00fcrfnisse, welche sich vor allem mit fortschreitendem Alter&nbsp;kontinuierlich \u00e4ndern.<br>\nWie vielen Hunde- und Pferdebesitzern ist es mir sehr wichtig, auch meine vierbeinige Partner m\u00f6glichst rein und ohne&nbsp;unn\u00f6tige Zus\u00e4tze, wie Zucker und Aromen, zu versorgen.<\/div>\n<div>Bei der Vielzahl an Produkten&nbsp;im Nahrungs- bzw. Futtermittelbereich auf dem Markt ist den meisten Verbrauchern oft nicht klar,&nbsp;welche Zusatzstoffe in den jeweiligen Produkten zu finden sind und ob diese auch tats\u00e4chlich einen Vorteil f\u00fcr&nbsp;Ihre Vierbeiner bieten.<\/div>\n<div>\n<p>Aufgrund meines beruflichen Werdeganges als Master of Science in Molekularbiologie sind mir die Zusammenh\u00e4nge und Vorg\u00e4nge im K\u00f6rper, sowie die Auswirkungen der Ern\u00e4hrung durchaus bewusst.<\/p>\n<\/div>\n<div>Daher m\u00f6chte ich mich&nbsp;daf\u00fcr einsetzen reine und&nbsp;qualitativ&nbsp;hochwertige Produkte auf den Markt zu bringen, mit Inhaltsstoffen die wirklich gebraucht werden und unseren&nbsp;Kunden eine entsprechende Beratung zu bieten.<\/div>\n<div>\n<p>Ich stehe Ihnen, ob Gesch\u00e4fts- oder Privatkunde, als zuverl\u00e4ssiger Partner in der Beratung, bei der Logistik&nbsp;und der Kundenbetreuung immer gern zur Seite.<\/p>\n<p>Ich freue mich \u00fcber Ihre Kontaktaufnahme und drauf Sie \u00fcber Email, Telefon oder pers\u00f6nlich kennenlernen&nbsp;zu d\u00fcrfen.<\/p>\n<\/div>\t\t\t\t\t\t\t\t<\/div>\n\t\t\t\t<\/div>\n\t\t\t\t<div class=\"elementor-element elementor-element-e1bd871 elementor-widget elementor-widget-text-editor\" data-id=\"e1bd871\" data-element_type=\"widget\" data-widget_type=\"text-editor.default\">\n\t\t\t\t<div class=\"elementor-widget-container\">\n\t\t\t\t\t\t\t\t\t<p>Manuela M\u00e4rz<\/p>\t\t\t\t\t\t\t\t<\/div>\n\t\t\t\t<\/div>\n\t\t\t\t\t<\/div>\n\t\t<\/div>\n\t\t\t\t\t<\/div>\n\t\t<\/section>\n\t\t\t\t\t<\/div>\n\t\t<\/div>\n\t\t\t\t\t<\/div>\n\t\t<\/section>\n\t\t\t\t<\/div>\n\t\t","protected":false},"excerpt":{"rendered":"<p>Manuela M\u00e4rz Gr\u00fcndungsgesellschafterin \u2013 Prokuristin M.Sc. Molekularbiologie Kundenbetreuung, Beratung, Vertrieb und Produktentstehung Als langj\u00e4hrige Reiterin, Pferde- sowie Hundebesitzerin besch\u00e4ftige ich &hellip; <a href=\"https:\/\/lizando-gmbh.de\/index.php\/ueber-uns\/manuela-marz\/\" class=\"more-link\">Continue reading <span class=\"screen-reader-text\">Manuela M\u00e4rz<\/span><\/a><\/p>\n","protected":false},"author":2,"featured_media":0,"parent":69,"menu_order":0,"comment_status":"closed","ping_status":"closed","template":"elementor_header_footer","meta":{"footnotes":""},"class_list":["post-349","page","type-page","status-publish","hentry"],"_links":{"self":[{"href":"https:\/\/lizando-gmbh.de\/index.php\/wp-json\/wp\/v2\/pages\/349","targetHints":{"allow":["GET"]}}],"collection":[{"href":"https:\/\/lizando-gmbh.de\/index.php\/wp-json\/wp\/v2\/pages"}],"about":[{"href":"https:\/\/lizando-gmbh.de\/index.php\/wp-json\/wp\/v2\/types\/page"}],"author":[{"embeddable":true,"href":"https:\/\/lizando-gmbh.de\/index.php\/wp-json\/wp\/v2\/users\/2"}],"replies":[{"embeddable":true,"href":"https:\/\/lizando-gmbh.de\/index.php\/wp-json\/wp\/v2\/comments?post=349"}],"version-history":[{"count":11,"href":"https:\/\/lizando-gmbh.de\/index.php\/wp-json\/wp\/v2\/pages\/349\/revisions"}],"predecessor-version":[{"id":678,"href":"https:\/\/lizando-gmbh.de\/index.php\/wp-json\/wp\/v2\/pages\/349\/revisions\/678"}],"up":[{"embeddable":true,"href":"https:\/\/lizando-gmbh.de\/index.php\/wp-json\/wp\/v2\/pages\/69"}],"wp:attachment":[{"href":"https:\/\/lizando-gmbh.de\/index.php\/wp-json\/wp\/v2\/media?parent=349"}],"curies":[{"name":"wp","href":"https:\/\/api.w.org\/{rel}","templated":true}]}}