{"id":48,"date":"2021-07-08T23:42:42","date_gmt":"2021-07-08T23:42:42","guid":{"rendered":"https:\/\/lizando-gmbh.de\/index.php\/impressum\/"},"modified":"2024-02-06T03:04:40","modified_gmt":"2024-02-06T03:04:40","slug":"impressum","status":"publish","type":"page","link":"https:\/\/lizando-gmbh.de\/index.php\/impressum\/","title":{"rendered":"Impressum"},"content":{"rendered":"\t\t<div data-elementor-type=\"wp-page\" data-elementor-id=\"48\" class=\"elementor elementor-48\" data-elementor-post-type=\"page\">\n\t\t\t\t\t\t<section class=\"elementor-section elementor-top-section elementor-element elementor-element-2d6dfa57 elementor-section-boxed elementor-section-height-default elementor-section-height-default\" data-id=\"2d6dfa57\" data-element_type=\"section\">\n\t\t\t\t\t\t<div class=\"elementor-container elementor-column-gap-default\">\n\t\t\t\t\t<div class=\"elementor-column elementor-col-100 elementor-top-column elementor-element elementor-element-2486aa83\" data-id=\"2486aa83\" data-element_type=\"column\">\n\t\t\t<div class=\"elementor-widget-wrap elementor-element-populated\">\n\t\t\t\t\t\t<div class=\"elementor-element elementor-element-1b70ed0 elementor-widget elementor-widget-heading\" data-id=\"1b70ed0\" data-element_type=\"widget\" data-widget_type=\"heading.default\">\n\t\t\t\t<div class=\"elementor-widget-container\">\n\t\t\t\t\t<h2 class=\"elementor-heading-title elementor-size-default\">Impressum<\/h2>\t\t\t\t<\/div>\n\t\t\t\t<\/div>\n\t\t\t\t\t<\/div>\n\t\t<\/div>\n\t\t\t\t\t<\/div>\n\t\t<\/section>\n\t\t\t\t<section class=\"elementor-section elementor-top-section elementor-element elementor-element-bce644b elementor-section-boxed elementor-section-height-default elementor-section-height-default\" data-id=\"bce644b\" data-element_type=\"section\">\n\t\t\t\t\t\t<div class=\"elementor-container elementor-column-gap-default\">\n\t\t\t\t\t<div class=\"elementor-column elementor-col-100 elementor-top-column elementor-element elementor-element-db0ab1d\" data-id=\"db0ab1d\" data-element_type=\"column\">\n\t\t\t<div class=\"elementor-widget-wrap elementor-element-populated\">\n\t\t\t\t\t\t<div class=\"elementor-element elementor-element-7b29b4e elementor-widget elementor-widget-text-editor\" data-id=\"7b29b4e\" data-element_type=\"widget\" data-widget_type=\"text-editor.default\">\n\t\t\t\t<div class=\"elementor-widget-container\">\n\t\t\t\t\t\t\t\t\t<p class=\"MsoNormal\"><span style=\"font-size: 10.5pt;font-family: &quot;Fira Sans&quot; , sans-serif;color: rgb(88,88,88);background: white;\">Lizando GmbH<\/span><span style=\"font-size: 10.5pt;font-family: &quot;Fira Sans&quot; , sans-serif;color: rgb(88,88,88);\"><br><span style=\"background: white;\">Birkenkamp 6<\/span><br><span style=\"background: white;\">21465 Reinbek<\/span><br><span style=\"background: white;\">Deutschland<\/span><br><br><span style=\"background: white;\">Tel.: 0172 3475 784<\/span><br><span style=\"background: white;\">E-Mail: <a href=\"mailto:guido.weber@lizando-gmbh.de\" target=\"_blank\">guido.weber@lizando-gmbh.de<\/a><\/span><br><br><\/span><span style=\"font-size: 10.5pt;font-family: &quot;Fira Sans Condensed Light&quot; , sans-serif;color: rgb(88,88,88);background: white;\">Registergericht: L\u00fcbeck<\/span><span style=\"font-size: 10.5pt;font-family: &quot;Fira Sans Condensed Light&quot; , sans-serif;color: rgb(88,88,88);\"><br><span style=\"background: white;\">Registernummer: <\/span><\/span><span style=\"font-size: 10.5pt;font-family: &quot;Fira Sans Condensed Light&quot; , sans-serif;color: rgb(118,113,113);\">HRB 21357 HL<\/span><span style=\"font-size: 10.5pt;font-family: &quot;Fira Sans Condensed Light&quot; , sans-serif;color: rgb(118,113,113);\"><br><\/span><span style=\"font-size: 10.5pt;font-family: &quot;Fira Sans&quot; , sans-serif;color: rgb(88,88,88);\"><br><br><span style=\"background: white;\">Gesch\u00e4ftsf\u00fchrer: Guido Weber<\/span><br><br><span style=\"background: white;\">Umsatzsteuer-Identifikationsnummer: DE344716683<\/span><br><br><span style=\"background: white;\">Plattform der EU-Kommission zur Online-Streitbeilegung:&nbsp;<\/span><\/span><a href=\"https:\/\/deref-web.de\/mail\/client\/jBFjcccAGNY\/dereferrer\/?redirectUrl=https%3A%2F%2Fec.europa.eu%2Fodr\" target=\"_blank\"><span style=\"font-size: 10.5pt;font-family: &quot;Fira Sans&quot; , sans-serif;border: none windowtext 1.0pt;padding: 0.0cm;text-decoration: none;\">https:\/\/ec.europa.eu\/odr<\/span><\/a><span style=\"font-size: 10.5pt;font-family: &quot;Fira Sans&quot; , sans-serif;color: rgb(88,88,88);\"><br><br><span style=\"background: white;\">Wir\n sind zur Teilnahme an einem Streitbeilegungsverfahren vor einer \nVerbraucherschlichtungsstelle weder verpflichtet noch bereit.<\/span><\/span><\/p>\t\t\t\t\t\t\t\t<\/div>\n\t\t\t\t<\/div>\n\t\t\t\t\t<\/div>\n\t\t<\/div>\n\t\t\t\t\t<\/div>\n\t\t<\/section>\n\t\t\t\t<\/div>\n\t\t","protected":false},"excerpt":{"rendered":"<p>Impressum Lizando GmbHBirkenkamp 621465 ReinbekDeutschland Tel.: 0172 3475 784E-Mail: guido.weber@lizando-gmbh.de Registergericht: L\u00fcbeckRegisternummer: HRB 21357 HL Gesch\u00e4ftsf\u00fchrer: Guido Weber Umsatzsteuer-Identifikationsnummer: DE344716683 &hellip; <a href=\"https:\/\/lizando-gmbh.de\/index.php\/impressum\/\" class=\"more-link\">Continue reading <span class=\"screen-reader-text\">Impressum<\/span><\/a><\/p>\n","protected":false},"author":2,"featured_media":0,"parent":0,"menu_order":0,"comment_status":"closed","ping_status":"closed","template":"elementor_header_footer","meta":{"footnotes":""},"class_list":["post-48","page","type-page","status-publish","hentry"],"_links":{"self":[{"href":"https:\/\/lizando-gmbh.de\/index.php\/wp-json\/wp\/v2\/pages\/48","targetHints":{"allow":["GET"]}}],"collection":[{"href":"https:\/\/lizando-gmbh.de\/index.php\/wp-json\/wp\/v2\/pages"}],"about":[{"href":"https:\/\/lizando-gmbh.de\/index.php\/wp-json\/wp\/v2\/types\/page"}],"author":[{"embeddable":true,"href":"https:\/\/lizando-gmbh.de\/index.php\/wp-json\/wp\/v2\/users\/2"}],"replies":[{"embeddable":true,"href":"https:\/\/lizando-gmbh.de\/index.php\/wp-json\/wp\/v2\/comments?post=48"}],"version-history":[{"count":34,"href":"https:\/\/lizando-gmbh.de\/index.php\/wp-json\/wp\/v2\/pages\/48\/revisions"}],"predecessor-version":[{"id":593,"href":"https:\/\/lizando-gmbh.de\/index.php\/wp-json\/wp\/v2\/pages\/48\/revisions\/593"}],"wp:attachment":[{"href":"https:\/\/lizando-gmbh.de\/index.php\/wp-json\/wp\/v2\/media?parent=48"}],"curies":[{"name":"wp","href":"https:\/\/api.w.org\/{rel}","templated":true}]}}