{"id":69,"date":"2021-07-09T08:54:45","date_gmt":"2021-07-09T08:54:45","guid":{"rendered":"https:\/\/lizando-gmbh.de\/?page_id=69"},"modified":"2024-11-28T20:22:15","modified_gmt":"2024-11-28T20:22:15","slug":"ueber-uns","status":"publish","type":"page","link":"https:\/\/lizando-gmbh.de\/index.php\/ueber-uns\/","title":{"rendered":"\u00dcber uns"},"content":{"rendered":"\t\t<div data-elementor-type=\"wp-page\" data-elementor-id=\"69\" class=\"elementor elementor-69\" data-elementor-post-type=\"page\">\n\t\t\t\t\t\t<section class=\"elementor-section elementor-top-section elementor-element elementor-element-4395320 elementor-section-boxed elementor-section-height-default elementor-section-height-default\" data-id=\"4395320\" data-element_type=\"section\">\n\t\t\t\t\t\t<div class=\"elementor-container elementor-column-gap-default\">\n\t\t\t\t\t<div class=\"elementor-column elementor-col-100 elementor-top-column elementor-element elementor-element-3207fe9\" data-id=\"3207fe9\" data-element_type=\"column\">\n\t\t\t<div class=\"elementor-widget-wrap elementor-element-populated\">\n\t\t\t\t\t\t<div class=\"elementor-element elementor-element-afcde28 elementor-widget elementor-widget-heading\" data-id=\"afcde28\" data-element_type=\"widget\" data-widget_type=\"heading.default\">\n\t\t\t\t<div class=\"elementor-widget-container\">\n\t\t\t\t\t<h2 class=\"elementor-heading-title elementor-size-default\">\u00dcber Uns<\/h2>\t\t\t\t<\/div>\n\t\t\t\t<\/div>\n\t\t\t\t<div class=\"elementor-element elementor-element-820a159 elementor-widget-mobile__width-inherit elementor-widget elementor-widget-image\" data-id=\"820a159\" data-element_type=\"widget\" data-widget_type=\"image.default\">\n\t\t\t\t<div class=\"elementor-widget-container\">\n\t\t\t\t\t\t\t\t\t\t\t\t\t\t\t<img fetchpriority=\"high\" decoding=\"async\" width=\"1024\" height=\"509\" src=\"https:\/\/lizando-gmbh.de\/wp-content\/uploads\/2022\/08\/4a56984a-1-scaled-e1660660982257-1024x509.jpg\" class=\"attachment-large size-large wp-image-326\" alt=\"\" srcset=\"https:\/\/lizando-gmbh.de\/wp-content\/uploads\/2022\/08\/4a56984a-1-scaled-e1660660982257-1024x509.jpg 1024w, https:\/\/lizando-gmbh.de\/wp-content\/uploads\/2022\/08\/4a56984a-1-scaled-e1660660982257-600x298.jpg 600w, https:\/\/lizando-gmbh.de\/wp-content\/uploads\/2022\/08\/4a56984a-1-scaled-e1660660982257-300x149.jpg 300w, https:\/\/lizando-gmbh.de\/wp-content\/uploads\/2022\/08\/4a56984a-1-scaled-e1660660982257-768x382.jpg 768w, https:\/\/lizando-gmbh.de\/wp-content\/uploads\/2022\/08\/4a56984a-1-scaled-e1660660982257-1536x764.jpg 1536w, https:\/\/lizando-gmbh.de\/wp-content\/uploads\/2022\/08\/4a56984a-1-scaled-e1660660982257-2048x1018.jpg 2048w, https:\/\/lizando-gmbh.de\/wp-content\/uploads\/2022\/08\/4a56984a-1-scaled-e1660660982257-1568x780.jpg 1568w\" sizes=\"(max-width: 1024px) 100vw, 1024px\" \/>\t\t\t\t\t\t\t\t\t\t\t\t\t\t\t<\/div>\n\t\t\t\t<\/div>\n\t\t\t\t<section class=\"elementor-section elementor-inner-section elementor-element elementor-element-e9b7959 elementor-section-boxed elementor-section-height-default elementor-section-height-default\" data-id=\"e9b7959\" data-element_type=\"section\">\n\t\t\t\t\t\t<div class=\"elementor-container elementor-column-gap-default\">\n\t\t\t\t\t<div class=\"elementor-column elementor-col-100 elementor-inner-column elementor-element elementor-element-b628a19\" data-id=\"b628a19\" data-element_type=\"column\">\n\t\t\t<div class=\"elementor-widget-wrap elementor-element-populated\">\n\t\t\t\t\t\t<div class=\"elementor-element elementor-element-5bcb062 elementor-widget elementor-widget-text-editor\" data-id=\"5bcb062\" data-element_type=\"widget\" data-widget_type=\"text-editor.default\">\n\t\t\t\t<div class=\"elementor-widget-container\">\n\t\t\t\t\t\t\t\t\t<p>Der Gro\u00dfteil der uns heute zur Verf\u00fcgung stehenden Lebens- und Futtermittel weisen in der Regel eine lange Liste an Inhaltsstoffen auf.<\/p><p>Der wahre Wert der Inhaltsstoffe ist f\u00fcr den Verbraucher nur schwer zu erkennen \u2013 welche Inhaltsstoffe ben\u00f6tige ich\/mein Tier wirklich? Was sind eher F\u00fcll- und Zusatzstoffe? Sind externe Zucker zugesetzt?<\/p><p>Als Lizando GmbH haben wir es uns daher zur Aufgabe gemacht unseren Kunden, reinste und hochwertigste \u00d6le, Nahrungserg\u00e4nzungsmittel und Futtermittelzusatzstoffe abgestimmt auf die verschiedensten Lebenssituationen zur Verf\u00fcgung zu stellen.<\/p><p>Denn der Stoffwechsel eines jeden Organismus ist darauf angewiesen genug Mineralien, Spurenelemente und andere wichtige N\u00e4hrstoffe, wie die richtigen Fette, zu sich zunehmen &#8211; um maximale Leistung zu erbringen und ein Leben lang gesund zu funktionieren. Je nach Beanspruchung und individueller Lebensumst\u00e4nde kann der Bedarf und die Zusammensetzung dieser Stoffe variieren und deren Aufnahme nur noch schwer durch die zur Verf\u00fcgung stehenden Grundnahrungsmittel gedeckt werden.<\/p><p>Nicht nur die Auswahl unserer Produkte, sondern besonders die Reinheit dieser sind uns von h\u00f6chster Wichtigkeit. H\u00f6chste Qualit\u00e4t sind f\u00fcr uns selbstverst\u00e4ndlich &#8211; keine Zus\u00e4tze von Konservierungsstoffen, chemischen Zusatzstoffen, versteckten und zus\u00e4tzlichen Zuckern oder unn\u00f6tigen Aromen.<\/p><p>Mit unserem Sitz nahe Hamburg haben wir die optimalen logistischen Voraussetzungen, um Sie als Privat- und\/oder als Gesch\u00e4ftskunde p\u00fcnktlich, schnell und zuverl\u00e4ssig beliefern zu k\u00f6nnen.<\/p><p>Wir freuen uns auf das pers\u00f6nliche Gespr\u00e4ch mit Ihnen.<\/p>\t\t\t\t\t\t\t\t<\/div>\n\t\t\t\t<\/div>\n\t\t\t\t<div class=\"elementor-element elementor-element-929e0c7 elementor-widget elementor-widget-text-editor\" data-id=\"929e0c7\" data-element_type=\"widget\" data-widget_type=\"text-editor.default\">\n\t\t\t\t<div class=\"elementor-widget-container\">\n\t\t\t\t\t\t\t\t\tGuido Weber &#038; Manuela M\u00e4rz\t\t\t\t\t\t\t\t<\/div>\n\t\t\t\t<\/div>\n\t\t\t\t\t<\/div>\n\t\t<\/div>\n\t\t\t\t\t<\/div>\n\t\t<\/section>\n\t\t\t\t\t<\/div>\n\t\t<\/div>\n\t\t\t\t\t<\/div>\n\t\t<\/section>\n\t\t\t\t<\/div>\n\t\t","protected":false},"excerpt":{"rendered":"<p>\u00dcber Uns Der Gro\u00dfteil der uns heute zur Verf\u00fcgung stehenden Lebens- und Futtermittel weisen in der Regel eine lange Liste &hellip; <a href=\"https:\/\/lizando-gmbh.de\/index.php\/ueber-uns\/\" class=\"more-link\">Continue reading <span class=\"screen-reader-text\">\u00dcber uns<\/span><\/a><\/p>\n","protected":false},"author":2,"featured_media":0,"parent":0,"menu_order":0,"comment_status":"closed","ping_status":"closed","template":"elementor_header_footer","meta":{"footnotes":""},"class_list":["post-69","page","type-page","status-publish","hentry"],"_links":{"self":[{"href":"https:\/\/lizando-gmbh.de\/index.php\/wp-json\/wp\/v2\/pages\/69","targetHints":{"allow":["GET"]}}],"collection":[{"href":"https:\/\/lizando-gmbh.de\/index.php\/wp-json\/wp\/v2\/pages"}],"about":[{"href":"https:\/\/lizando-gmbh.de\/index.php\/wp-json\/wp\/v2\/types\/page"}],"author":[{"embeddable":true,"href":"https:\/\/lizando-gmbh.de\/index.php\/wp-json\/wp\/v2\/users\/2"}],"replies":[{"embeddable":true,"href":"https:\/\/lizando-gmbh.de\/index.php\/wp-json\/wp\/v2\/comments?post=69"}],"version-history":[{"count":32,"href":"https:\/\/lizando-gmbh.de\/index.php\/wp-json\/wp\/v2\/pages\/69\/revisions"}],"predecessor-version":[{"id":721,"href":"https:\/\/lizando-gmbh.de\/index.php\/wp-json\/wp\/v2\/pages\/69\/revisions\/721"}],"wp:attachment":[{"href":"https:\/\/lizando-gmbh.de\/index.php\/wp-json\/wp\/v2\/media?parent=69"}],"curies":[{"name":"wp","href":"https:\/\/api.w.org\/{rel}","templated":true}]}}