{"id":480,"date":"2023-09-08T01:29:35","date_gmt":"2023-09-08T01:29:35","guid":{"rendered":"https:\/\/lizando-gmbh.de\/?post_type=product&#038;p=480"},"modified":"2024-02-19T15:50:22","modified_gmt":"2024-02-19T15:50:22","slug":"leinroellchen-pur-getreidefreie-hundeleckerli","status":"publish","type":"product","link":"https:\/\/lizando-gmbh.de\/index.php\/produkt\/leinroellchen-pur-getreidefreie-hundeleckerli\/","title":{"rendered":"LEINR\u00d6LLCHEN  Pur &#8211; getreidefreie Hundeleckerli"},"content":{"rendered":"<p>Unser getreidefreies\u00a0<strong>Hunderfutter\/-leckerli<\/strong><strong>\u00a0<\/strong>auf Leinkuchen-Basis, ohne Geschmacksverst\u00e4rker und Konservierungsstoffe.<\/p>\n<p>&nbsp;<\/p>\n<p>Die Grundbasis der\u00a0<strong>Leinr\u00f6llchen bildet der kaltgepresste Leinkuchen<\/strong>\u00a0aus Speiseleinsaat von\u00a0<strong>Urkraft<\/strong>, dieser ist besonders gut verdaulich und versorgt den Magen-Darmtrakt mit wertvollen Schleimstoffen.<\/p>\n<h2><\/h2>\n<h2>Was zeichnet Urkraft Leinr\u00f6llchen &#8211; nat\u00fcrliches Hundefutter aus?<\/h2>\n<p>Das getreidefreie\u00a0<strong>Hundefutter<\/strong>\u00a0regt auf nat\u00fcrliche Art und Weise die Darmbewegung (Darmperestaltik) an und sorgt f\u00fcr einen St\u00f6rungsfreien Verdauungsablauf. Au\u00dferdem bindet das\u00a0<strong>getreidefreie Hundefutter auf Leinsamen-Basis<\/strong>\u00a0\u00fcbersch\u00fcssiges Wasser und lindert somit Durchfallerkrankungen.<\/p>\n<h3><strong>\u00a0<\/strong><\/h3>\n<h3><strong>\u00a0<\/strong><\/h3>\n<h3><strong>Zusammensetzung &amp; Inhaltsstoffe Urkraft Leinr\u00f6llchen Hundefutter:<\/strong><\/h3>\n<p>100 % Leinkuchen, kaltgepresst<\/p>\n<p><u>Inhaltsstoffe pro 100 g:<\/u><\/p>\n<p>Rohprotein \u00a0 \u00a0 \u00a0 \u00a0 \u00a0 \u00a0 \u00a0 29,8 %<\/p>\n<p>Rohfaser\u00a0\u00a0\u00a0\u00a0\u00a0\u00a0\u00a0\u00a0\u00a0\u00a0\u00a0\u00a0\u00a0\u00a0\u00a0\u00a0\u00a0\u00a0\u00a0 8,9 %<\/p>\n<p>Rohfett \u00a0 \u00a0 \u00a0 \u00a0 \u00a0 \u00a0 \u00a0 \u00a0 \u00a0 \u00a0 \u00a011,5 %<\/p>\n<p>Rohasche \u00a0 \u00a0 \u00a0 \u00a0 \u00a0 \u00a0 \u00a0 \u00a0 \u00a0 4,1 %<\/p>\n<h2><\/h2>\n<h2>F\u00fctterungsempfehlung<\/h2>\n<p>max. 20 g je 10 kg Hundegewicht \/ Tag<br \/>\nfrisches Trinkwasser sollte immer zur Verf\u00fcgung stehen<\/p>\n","protected":false},"excerpt":{"rendered":"<p>Unser getreidefreies\u00a0Hunderfutter\/-leckerli\u00a0auf Leinkuchen-Basis, ohne Geschmacksverst\u00e4rker und Konservierungsstoffe. &nbsp; Die Grundbasis der\u00a0Leinr\u00f6llchen bildet der kaltgepresste Leinkuchen\u00a0aus Speiseleinsaat von\u00a0Urkraft, dieser ist besonders &hellip; <a href=\"https:\/\/lizando-gmbh.de\/index.php\/produkt\/leinroellchen-pur-getreidefreie-hundeleckerli\/\" class=\"more-link\">Continue reading <span class=\"screen-reader-text\">LEINR\u00d6LLCHEN  Pur &#8211; getreidefreie Hundeleckerli<\/span><\/a><\/p>\n","protected":false},"featured_media":484,"template":"","meta":[],"product_brand":[],"product_cat":[34,36],"product_tag":[],"class_list":{"0":"post-480","1":"product","2":"type-product","3":"status-publish","4":"has-post-thumbnail","6":"product_cat-hund","7":"product_cat-privat","8":"product_shipping_class-normale-pakete","10":"first","11":"instock","12":"taxable","13":"shipping-taxable","14":"purchasable","15":"product-type-variable","16":"has-default-attributes"},"_links":{"self":[{"href":"https:\/\/lizando-gmbh.de\/index.php\/wp-json\/wp\/v2\/product\/480","targetHints":{"allow":["GET"]}}],"collection":[{"href":"https:\/\/lizando-gmbh.de\/index.php\/wp-json\/wp\/v2\/product"}],"about":[{"href":"https:\/\/lizando-gmbh.de\/index.php\/wp-json\/wp\/v2\/types\/product"}],"wp:featuredmedia":[{"embeddable":true,"href":"https:\/\/lizando-gmbh.de\/index.php\/wp-json\/wp\/v2\/media\/484"}],"wp:attachment":[{"href":"https:\/\/lizando-gmbh.de\/index.php\/wp-json\/wp\/v2\/media?parent=480"}],"wp:term":[{"taxonomy":"product_brand","embeddable":true,"href":"https:\/\/lizando-gmbh.de\/index.php\/wp-json\/wp\/v2\/product_brand?post=480"},{"taxonomy":"product_cat","embeddable":true,"href":"https:\/\/lizando-gmbh.de\/index.php\/wp-json\/wp\/v2\/product_cat?post=480"},{"taxonomy":"product_tag","embeddable":true,"href":"https:\/\/lizando-gmbh.de\/index.php\/wp-json\/wp\/v2\/product_tag?post=480"}],"curies":[{"name":"wp","href":"https:\/\/api.w.org\/{rel}","templated":true}]}}