{"id":490,"date":"2023-09-08T01:33:39","date_gmt":"2023-09-08T01:33:39","guid":{"rendered":"https:\/\/lizando-gmbh.de\/?post_type=product&#038;p=490"},"modified":"2024-02-19T15:50:02","modified_gmt":"2024-02-19T15:50:02","slug":"hbds-movevital-dog","status":"publish","type":"product","link":"https:\/\/lizando-gmbh.de\/index.php\/produkt\/hbds-movevital-dog\/","title":{"rendered":"HBD\u2019s\u00ae MoveVital Dog"},"content":{"rendered":"<h4>Erg\u00e4nzungsfuttermittel f\u00fcr Hunde<\/h4>\n<h5>Bei allen Hunden, die stark beansprucht werden oder wurden, bei alten Hunden oder bei Hunden mit Aufzuchtdefiziten sowie Hunden mit Stellungsfehlern zeigen sich fr\u00fcher oder sp\u00e4ter Abnutzungserscheinungen in Form von Arthrosen, Bindegewebssch\u00e4den oder verst\u00e4rkter Entz\u00fcndungsneigung im Bewegungsapparat.<\/h5>\n<p>Oftmals werden diese Hunde von der Tiermedizin aufgegeben oder sollen dauerhaft Schmerzmittel bekommen. Dies ist keine Dauerl\u00f6sung, au\u00dferdem sch\u00e4digen normale Schmerzmittel (NSAR) bei Dauergebrauch die Magenschleimhaut, sodass es zu Magengeschw\u00fcren und Magenschleimhautentz\u00fcndungen kommt.<\/p>\n<p>Inzwischen ist aber die Bedeutung von bestimmten Komponenten in der Ern\u00e4hrung bekannt, die sich au\u00dferordentlich positiv bei solchen gesundheitlichen Beeintr\u00e4chtigungen im Bewegungsapparat auswirken k\u00f6nnen.<\/p>\n<p>Insbesondere die Bestandteile der neuseel\u00e4ndischen Gr\u00fcnlippmuschel sind hier zu nennen.<br \/>\nHBD\u2019s\u00ae MoveVital Dog enth\u00e4lt ausschlie\u00dflich qualit\u00e4tsgepr\u00fcfte, nichtent\u00f6lte Neuseel\u00e4ndische Gr\u00fcnlippmuschel in sehr hoher Dosierung. Achten Sie darauf, keinesfalls ent\u00f6lte oder teilent\u00f6lte Ware zu kaufen. Die erwartete Wirkung auf den Bewegungsapparat wird nicht eintreten oder stark abgeschw\u00e4cht sein.<br \/>\nNur unbehandelte Ware, die gefriergetrocknet, aber nicht ent\u00f6lt wurde, enth\u00e4lt in vollem Umfang die wertvollen Bestandteile f\u00fcr den Bewegungsapparat.<\/p>\n<p>Nur diese nichtent\u00f6lte Rohware ist extrem reich an organischen Siliciumverbindungen und mehrfach unges\u00e4ttigten Fetts\u00e4uren sowie Glycosaminoglycanen. Glycosaminoglycane bildet der Hundeorganismus bei optimaler Ern\u00e4hrung selbst in ausreichenden Mengen im Gelenkspalt, um per Diffusion z.B. die Knorpelstrukturen mit N\u00e4hrstoffen zu versorgen. Mit steigendem Alter, verst\u00e4rkter Abnutzung, Sch\u00e4den am Bindegewebe oder Knorpel wird die Eigenproduktion zu niedrig sein oder nicht ausreichen, um die Strukturen optimal zu versorgen und evtl. zu reparieren. Hier kann HBD\u2019s\u00ae MoveVital Dog die optimale L\u00f6sung sein, um die Versorgungsl\u00fccke zu schlie\u00dfen.<\/p>\n<p>Au\u00dferdem enth\u00e4lt HBD\u2019s\u00ae MoveVital Dog hochdosiert Glucosamin.<br \/>\nGlucosamin ist einer der bew\u00e4hrtesten N\u00e4hrstoffe f\u00fcr eine optimale Gelenk- und Knorpelfunktion. Glucosamin ist ein hochkonzentrierter Aminozucker und grundlegender Baustoff, der zur Herstellung aller d\u00e4mpfenden Gelenkschichten, wie z.B. Knorpel ben\u00f6tigt wird. Glucosamin stimuliert die k\u00f6rpereigene Produktion von Reparaturbausteinen f\u00fcr den Knorpelstoffwechsel. Verletzungen, chronisch oder akut in einem Gelenk k\u00f6nnen ohne ausreichende Mengen Glucosamin nicht richtig und belastbar ausheilen.<br \/>\nGlucosamin ist in HBD\u2019s\u00ae MoveVital Dog ebenfalls sehr hoch dosiert und f\u00f6rdert Gelenk-, Knorpel- sowie Bindegewebsgesundheit.<br \/>\nWir verwenden auch hier nur h\u00f6chstm\u00f6gliche Qualit\u00e4t bei unserem Rohstoff.<\/p>\n<p>Besonders wichtig f\u00fcr uns bei HBD:<br \/>\nWir setzen keine Haifischflossen als Quelle f\u00fcr Glucosamin ein. Das ist uns ein sehr wichtiges Anliegen!<\/p>\n<p>Als 3. nutritive Wirksubstanz verwenden wir hochdosiert das bew\u00e4hrte MSM, Methylsulfonylmethan, organischen Schwefel.<br \/>\nMSM enth\u00e4lt 34 % reinen Schwefel.\u00a0Schwefelmangel verursacht eine erh\u00f6hte Entz\u00fcndungsneigung im K\u00f6rper. Dies zeigt sich besonders in vermehrter Steifheit\/Lahmheit im Winter oder in der nassen Jahreszeit, als auch bei traumatischen Verletzungen oder Arthrosesch\u00fcben, die sich lange hinziehen und oft l\u00e4ngerfristig erhebliche Schmerzen verursachen k\u00f6nnen. Hier kann MSM einen wertvollen Beitrag leisten, die Entz\u00fcndungsneigung im K\u00f6rper zu normalisieren.<\/p>\n<p>HBD\u2019s\u00ae MoveVital Dog enth\u00e4lt keinerlei Zucker, Getreidest\u00e4rke, Kr\u00e4uter oder Synthetika, ist also f\u00fcr alle stoffwechselkranken Hunde eine ideale M\u00f6glichkeit, den Gelenkstoffwechsel zu verbessern und nutritiv bedingte Bindegewebs-\/Knorpelsch\u00e4den rasch und belastbar auszuheilen.<\/p>\n<p>Folgende Einsatzgebiete sind zu nennen:<\/p>\n<ul>\n<li>alte Hunde<\/li>\n<li>Sport- und Leistungshunde jeder Art<\/li>\n<li>Hunde mit Stellungsfehlern<\/li>\n<li>Hunde mit Defiziten in der Aufzucht<\/li>\n<li>Hunde mit Arthrose<\/li>\n<li>Hunde mit Verletzungen im Bewegungsapparat<\/li>\n<li>Hunde mit erh\u00f6hter Entz\u00fcndungsneigung<\/li>\n<li>Hunde aus schlechter Haltung<\/li>\n<\/ul>\n","protected":false},"excerpt":{"rendered":"<p>Erg\u00e4nzungsfuttermittel f\u00fcr Hunde Bei allen Hunden, die stark beansprucht werden oder wurden, bei alten Hunden oder bei Hunden mit Aufzuchtdefiziten &hellip; <a href=\"https:\/\/lizando-gmbh.de\/index.php\/produkt\/hbds-movevital-dog\/\" class=\"more-link\">Continue reading <span class=\"screen-reader-text\">HBD\u2019s\u00ae MoveVital Dog<\/span><\/a><\/p>\n","protected":false},"featured_media":493,"template":"","meta":[],"product_brand":[],"product_cat":[34,36],"product_tag":[],"class_list":{"0":"post-490","1":"product","2":"type-product","3":"status-publish","4":"has-post-thumbnail","6":"product_cat-hund","7":"product_cat-privat","8":"product_shipping_class-normale-pakete","10":"first","11":"instock","12":"taxable","13":"shipping-taxable","14":"purchasable","15":"product-type-variable"},"_links":{"self":[{"href":"https:\/\/lizando-gmbh.de\/index.php\/wp-json\/wp\/v2\/product\/490","targetHints":{"allow":["GET"]}}],"collection":[{"href":"https:\/\/lizando-gmbh.de\/index.php\/wp-json\/wp\/v2\/product"}],"about":[{"href":"https:\/\/lizando-gmbh.de\/index.php\/wp-json\/wp\/v2\/types\/product"}],"wp:featuredmedia":[{"embeddable":true,"href":"https:\/\/lizando-gmbh.de\/index.php\/wp-json\/wp\/v2\/media\/493"}],"wp:attachment":[{"href":"https:\/\/lizando-gmbh.de\/index.php\/wp-json\/wp\/v2\/media?parent=490"}],"wp:term":[{"taxonomy":"product_brand","embeddable":true,"href":"https:\/\/lizando-gmbh.de\/index.php\/wp-json\/wp\/v2\/product_brand?post=490"},{"taxonomy":"product_cat","embeddable":true,"href":"https:\/\/lizando-gmbh.de\/index.php\/wp-json\/wp\/v2\/product_cat?post=490"},{"taxonomy":"product_tag","embeddable":true,"href":"https:\/\/lizando-gmbh.de\/index.php\/wp-json\/wp\/v2\/product_tag?post=490"}],"curies":[{"name":"wp","href":"https:\/\/api.w.org\/{rel}","templated":true}]}}