{"id":498,"date":"2023-09-08T01:40:03","date_gmt":"2023-09-08T01:40:03","guid":{"rendered":"https:\/\/lizando-gmbh.de\/?post_type=product&#038;p=498"},"modified":"2024-02-19T00:45:11","modified_gmt":"2024-02-19T00:45:11","slug":"anti-juck-kurkuma-futtermischung-basis-1-trocken","status":"publish","type":"product","link":"https:\/\/lizando-gmbh.de\/index.php\/produkt\/anti-juck-kurkuma-futtermischung-basis-1-trocken\/","title":{"rendered":"Anti-Juck Kurkuma Futtermischung &#8211; Basis [1] Trocken"},"content":{"rendered":"<p>Die erg\u00e4nzende Beigabe von\u00a0<strong>Anti-Juck Kurkuma Futtermischung<\/strong>\u00a0in Kombination mit\u00a0zum Beispiel <strong>Anti-Juck Kokos\u00f6l (AKTIV-\u00d6L)<\/strong><strong>\u00a0<\/strong>zur besseren Hautp\ufb02ege von Innen<strong>\u00a0<\/strong>hat positiven<\/p>\n<p>Einfluss auf den Verdauungsablauf und tr\u00e4gt dadurch zur Optimierung des Hautbildes bei.<\/p>\n<p>&nbsp;<\/p>\n<p>Kaltgepresstes Hanf- und Leinkuchenmehl sind gut verdaulich und reich an Mineral- und Ballaststoffen. Kurkuma enth\u00e4lt den nat\u00fcrlichen Wirkstoff Curcumin dieser wird durch die Zugabe von \u00d6l freigesetzt (z.B. dem Anti-Juck Kokos\u00f6l mit Schwarzk\u00fcmmel\u00f6l).<\/p>\n<p>Als gr\u00f6\u00dftes Organ des K\u00f6rpers profitiert die Haut von einer intakten und funktionierenden Verdauung und optimiert dadurch die Vitalfunktion der Haut.<\/p>\n<p>Eine\u00a0<em>sichtbare Verbesserung des Hautbildes<\/em>\u00a0kann bei Einhaltung der\u00a0<strong>F\u00fctterungsempfehlung <\/strong>nach etwa\u00a0<strong>3-4\u2009Wochen<\/strong>\u00a0beobachtet werden. Zahlreiche R\u00fcckmeldungen von Reitern und Besitzern betroffener Pferde best\u00e4tigen unsere eigenen Erfahrungen.<\/p>\n<p><strong>\u00a0<\/strong><\/p>\n<p><strong>Wichtig zu wissen<\/strong>\u00a0&#8211; Curcumin muss vor der F\u00fctterung mit \u00d6l aktiviert werden, damit es seine nat\u00fcrliche Funktion erf\u00fcllen kann. Die Zugabe von warmen Wasser kann den Wirkungsgrad bis auf auf ein 12-faches erh\u00f6hen. Da Curcumin anders als bei einer Kur nicht eingelagert wird und seine Aktivit\u00e4t nach etwa 12 Stunden nachl\u00e4sst, sollte Anti-Juck Kurkuma Futtermischung bestenfalls 2x t\u00e4glich zugef\u00fcttert werden.<\/p>\n<p><strong>\u00a0<\/strong><\/p>\n<p><strong>Zubereitung<\/strong><strong>\u00a0<\/strong><br \/>\n50\u2009g Kurkuma-Futtermischung (ca.\u00bd Tasse) mit zum Beispiel 15\u2009ml\u00a0<a href=\"https:\/\/www.urkraft-leinmanufaktur.de\/pferde-ponys\/anti-juck\/Anti-Juck-Kokosoel-1Liter-Aktiv-2-Komponente--85.html\"><strong>Anti-Juck AKTIV-\u00d6L<\/strong><\/a>\u00a0gut verr\u00fchren.<\/p>\n<p>Wer bereits anderes \u00d6l zuf\u00fcttert und gute Erfahrungen mit der Vertr\u00e4glichkeit gemacht hat, kann davon 15\u2009ml zum Anr\u00fchren verwenden.<\/p>\n<p>Anschlie\u00dfend 3-4\u2009Tassen warmes<br \/>\nWasser zugie\u00dfen, nochmals gut durchr\u00fchren und kurz quellen lassen. Die fertige<br \/>\nZubereitung unter das Futter mischen oder separat zuf\u00fcttern.<\/p>\n<p><strong>F\u00fctterung<\/strong><br \/>\nWir empfehlen idealerweise 1x morgens und 1x abends zuzuf\u00fcttern.<br \/>\nSollte das nicht m\u00f6glich sein, bitte die empfohlene Tagesdosis (100\u2009g Kurkuma-<br \/>\nFuttermischung + 30\u2009ml \u00d6l) lt. Zubereitung angemischt in einer F\u00fctterung reichen.<\/p>\n<p><strong>\u00a0<\/strong><\/p>\n<h2>Zutaten:<\/h2>\n<p>kaltgepresstes Hanfmehl, kaltgepresstes Leinsamenmehl aus gelber Leinsaat, gemahlenes Kurkuma, frisch gemahlener schwarzer Pfeffer<\/p>\n","protected":false},"excerpt":{"rendered":"<p>Die erg\u00e4nzende Beigabe von\u00a0Anti-Juck Kurkuma Futtermischung\u00a0in Kombination mit\u00a0zum Beispiel Anti-Juck Kokos\u00f6l (AKTIV-\u00d6L)\u00a0zur besseren Hautp\ufb02ege von Innen\u00a0hat positiven Einfluss auf den &hellip; <a href=\"https:\/\/lizando-gmbh.de\/index.php\/produkt\/anti-juck-kurkuma-futtermischung-basis-1-trocken\/\" class=\"more-link\">Continue reading <span class=\"screen-reader-text\">Anti-Juck Kurkuma Futtermischung &#8211; Basis [1] Trocken<\/span><\/a><\/p>\n","protected":false},"featured_media":500,"template":"","meta":[],"product_brand":[],"product_cat":[35,36],"product_tag":[],"class_list":{"0":"post-498","1":"product","2":"type-product","3":"status-publish","4":"has-post-thumbnail","6":"product_cat-pferd","7":"product_cat-privat","8":"product_shipping_class-normale-pakete","10":"first","11":"instock","12":"taxable","13":"shipping-taxable","14":"purchasable","15":"product-type-variable"},"_links":{"self":[{"href":"https:\/\/lizando-gmbh.de\/index.php\/wp-json\/wp\/v2\/product\/498","targetHints":{"allow":["GET"]}}],"collection":[{"href":"https:\/\/lizando-gmbh.de\/index.php\/wp-json\/wp\/v2\/product"}],"about":[{"href":"https:\/\/lizando-gmbh.de\/index.php\/wp-json\/wp\/v2\/types\/product"}],"wp:featuredmedia":[{"embeddable":true,"href":"https:\/\/lizando-gmbh.de\/index.php\/wp-json\/wp\/v2\/media\/500"}],"wp:attachment":[{"href":"https:\/\/lizando-gmbh.de\/index.php\/wp-json\/wp\/v2\/media?parent=498"}],"wp:term":[{"taxonomy":"product_brand","embeddable":true,"href":"https:\/\/lizando-gmbh.de\/index.php\/wp-json\/wp\/v2\/product_brand?post=498"},{"taxonomy":"product_cat","embeddable":true,"href":"https:\/\/lizando-gmbh.de\/index.php\/wp-json\/wp\/v2\/product_cat?post=498"},{"taxonomy":"product_tag","embeddable":true,"href":"https:\/\/lizando-gmbh.de\/index.php\/wp-json\/wp\/v2\/product_tag?post=498"}],"curies":[{"name":"wp","href":"https:\/\/api.w.org\/{rel}","templated":true}]}}