{"id":501,"date":"2023-09-08T01:41:25","date_gmt":"2023-09-08T01:41:25","guid":{"rendered":"https:\/\/lizando-gmbh.de\/?post_type=product&#038;p=501"},"modified":"2024-02-19T00:45:01","modified_gmt":"2024-02-19T00:45:01","slug":"anti-juckreiz-pflegeoel","status":"publish","type":"product","link":"https:\/\/lizando-gmbh.de\/index.php\/produkt\/anti-juckreiz-pflegeoel\/","title":{"rendered":"Anti-Juckreiz Pflege\u00f6l"},"content":{"rendered":"<p><strong>Anti-Juckreiz Pflege\u00f6l<\/strong><strong>\u00a0<\/strong>ist die biologische\u00a0<strong>Haut- und Fellpflege<\/strong>\u00a0f\u00fcr Pferde und Ponys aus rein nat\u00fcrlichen Inhaltsstoffen wie kaltgepresstes Kokos\u00f6l, kaltgepresstes Schwarzk\u00fcmmel\u00f6l, Niem\u00f6l (Neem\u00f6l), Lemon-Myrtle-\u00d6l.<\/p>\n<p>&nbsp;<\/p>\n<p>Das\u00a0<strong>Anti-Juckreiz-Pflege\u00f6l<\/strong>\u00a0der\u00a0<strong>Urkraft Leinmanufaktur<\/strong><strong>\u00a0<\/strong>pflegt und vitalisiert die Haut. Dabei wohltuend und mit einem positiven Einfluss auf beanspruchte Haut. Die Haut wird entlastet und die nat\u00fcrliche Hautbarriere gest\u00e4rkt, folglich verringern sich die Reizausl\u00f6ser f\u00fcr neues Schubbern und Scheuern<strong>.\u00a0Anti-Juckreiz Pflege\u00f6l wirkt dabei pflegend und regenerierend.\u00a0<\/strong><\/p>\n<p>ADMR konform &#8211; dopingfrei. Anti-Juckreiz Pflege\u00f6l ist Dermatest zertifiziert (Zertifikat auf Anfrage einsehbar)<\/p>\n<p>&nbsp;<\/p>\n<p><strong>Anti-Juckreiz Pflege\u00f6l<\/strong>\u00a0das\u00a0<strong>Fellpflege\u00f6l f\u00fcr Pferde und Ponys<\/strong>\u00a0ist anwendbar bei fast allen Arten von beanspruchter Haut durch \u00e4u\u00dfere negative Umwelteinfl\u00fcsse. Pflegt gezielt die am h\u00e4ufigsten betroffenen Stellen wie Schweifr\u00fcbe, M\u00e4hnenkamm sowie den Bauch und die Kruppe.<br \/>\nUrkraft\u00a0<strong>Anti-Juck-Reiz Pflege\u00f6l<\/strong>\u00a0ist wohltuend und regenerierend f\u00fcr die Haut.<\/p>\n<p><em>\u00a0<\/em><\/p>\n<p><em>\u00c4u\u00dfere Anwendung<\/em>:<\/p>\n<p>F\u00fcr alle Rassen und Hauttypen<\/p>\n<p>SPARSAM dosieren! Zuviel \u00d6l kann die Poren verstopfen und zu Hautirritationen und Fellverlust f\u00fchren.<\/p>\n<p>Bei niedrigen Temperaturen kann Anti-Juckreiz Pflege\u00f6l naturbedingt ausflocken. Das hat keinen Einfluss auf Qualit\u00e4t und Haltbarkeit. Vor Gebrauch sch\u00fctteln.<\/p>\n<p>Bitte teste vorab an einer kleinen Stelle auf Hautvertr\u00e4glichkeit.<\/p>\n<p>Anwendung:<br \/>\nIntensiv\u00a0beanspruchte Stellen betr\u00e4ufelst Du 1x t\u00e4glich sparsam mit\u00a0Anti-Juckreiz Pflege\u00f6l 1 Woche lang. Massiere das \u00d6l beim Auftragen leicht in die Haut ein.<\/p>\n<p>Auf die stark beanspruchten Hautpartien wie beispielsweise M\u00e4hnenkamm, Schweifr\u00fcbe, Bauchnaht oder Kruppe 1 Woche lang t\u00e4glich einige Tropfen Anti-Juckreiz Pflege\u00f6l auftragen und leicht einmassieren.<br \/>\nVerschmutzungen und Hautschuppen gegebenenfalls einfach vorher ausb\u00fcrsten. Waschen vermeiden. Bei Bedarf nur mit klarem Wasser bzw. einem PH-neutralen Shampoo waschen.<\/p>\n<p>Zur vorbeugenden Hautpflege kann Anti-Juckreiz Pflege\u00f6l dauerhaft \u00fcber die Saison etwa alle 2-4 Tage immer wieder auf die sonst betroffenen Stellen sparsam aufgebracht werden. Punktuell\u00a01-2 mal d\u00fcnn auftragen. Kann auch auf offenen Stellen verwendet werden.<\/p>\n<p>Die\u00a0 versehentliche\u00a0 Einnahme\u00a0 ist\u00a0 gesundheitlich\u00a0 unbedenklich.\u00a0 Ber\u00fchrung mit Schleimh\u00e4uten (Augen\/Mund) aufgrund der \u00e4therischen \u00d6le vermeiden.<\/p>\n<h2><\/h2>\n<h2><\/h2>\n<h2>Inhaltsstoffe<\/h2>\n<p>kaltgepresstes Kokos\u00f6l, kaltgepresstes Schwarzk\u00fcmmel\u00f6l, Niem\u00f6l (Neem\u00f6l), Lemon-Myrthe-\u00d6l<\/p>\n","protected":false},"excerpt":{"rendered":"<p>Anti-Juckreiz Pflege\u00f6l\u00a0ist die biologische\u00a0Haut- und Fellpflege\u00a0f\u00fcr Pferde und Ponys aus rein nat\u00fcrlichen Inhaltsstoffen wie kaltgepresstes Kokos\u00f6l, kaltgepresstes Schwarzk\u00fcmmel\u00f6l, Niem\u00f6l (Neem\u00f6l), &hellip; <a href=\"https:\/\/lizando-gmbh.de\/index.php\/produkt\/anti-juckreiz-pflegeoel\/\" class=\"more-link\">Continue reading <span class=\"screen-reader-text\">Anti-Juckreiz Pflege\u00f6l<\/span><\/a><\/p>\n","protected":false},"featured_media":502,"template":"","meta":[],"product_brand":[],"product_cat":[35,36],"product_tag":[],"class_list":{"0":"post-501","1":"product","2":"type-product","3":"status-publish","4":"has-post-thumbnail","6":"product_cat-pferd","7":"product_cat-privat","8":"product_shipping_class-normale-pakete","10":"first","11":"instock","12":"taxable","13":"shipping-taxable","14":"purchasable","15":"product-type-variable"},"_links":{"self":[{"href":"https:\/\/lizando-gmbh.de\/index.php\/wp-json\/wp\/v2\/product\/501","targetHints":{"allow":["GET"]}}],"collection":[{"href":"https:\/\/lizando-gmbh.de\/index.php\/wp-json\/wp\/v2\/product"}],"about":[{"href":"https:\/\/lizando-gmbh.de\/index.php\/wp-json\/wp\/v2\/types\/product"}],"wp:featuredmedia":[{"embeddable":true,"href":"https:\/\/lizando-gmbh.de\/index.php\/wp-json\/wp\/v2\/media\/502"}],"wp:attachment":[{"href":"https:\/\/lizando-gmbh.de\/index.php\/wp-json\/wp\/v2\/media?parent=501"}],"wp:term":[{"taxonomy":"product_brand","embeddable":true,"href":"https:\/\/lizando-gmbh.de\/index.php\/wp-json\/wp\/v2\/product_brand?post=501"},{"taxonomy":"product_cat","embeddable":true,"href":"https:\/\/lizando-gmbh.de\/index.php\/wp-json\/wp\/v2\/product_cat?post=501"},{"taxonomy":"product_tag","embeddable":true,"href":"https:\/\/lizando-gmbh.de\/index.php\/wp-json\/wp\/v2\/product_tag?post=501"}],"curies":[{"name":"wp","href":"https:\/\/api.w.org\/{rel}","templated":true}]}}