{"id":506,"date":"2023-09-08T01:44:05","date_gmt":"2023-09-08T01:44:05","guid":{"rendered":"https:\/\/lizando-gmbh.de\/?post_type=product&#038;p=506"},"modified":"2024-02-19T14:19:57","modified_gmt":"2024-02-19T14:19:57","slug":"hbds-digestophlog","status":"publish","type":"product","link":"https:\/\/lizando-gmbh.de\/index.php\/produkt\/hbds-digestophlog\/","title":{"rendered":"HBD\u2019s\u00ae DigestoPhlog"},"content":{"rendered":"<p><strong>Das innovative Konzept f\u00fcr den \u00fcberreizten und sensiblen Verdauungstrakt des Pferdes.<\/strong><\/p>\n<p>HBD\u2019s\u00ae DigestoPhlog besteht aus hochkonzentrierten Omega-3-Fetts\u00e4uren, gewonnen aus einer hochreinen Laboralge.<\/p>\n<p>Omega-3-Fetts\u00e4uren k\u00f6nnen einen stark ausgleichenden, harmonisierenden Effekt auf die Schleimh\u00e4ute des Magens und des Darmes haben. Bei erh\u00f6hter Entz\u00fcndungsneigung k\u00f6nnen diese auch bei mehrmonatiger Gabe, beruhigend auf den gesamten Organismus wirken.<\/p>\n<p>Diese Laboralge wurde in HBD\u2019s\u00ae DigestoPhlog erg\u00e4nzt um Isl\u00e4ndisch Moos, welches ebenfalls stark beruhigend auf die Schleimh\u00e4ute wirken kann. Die im Isl\u00e4ndisch Moos enthaltenen, schleimbildende Substanzen, z.B. Galactomannane und Glucane, legen sich als Schutzschicht \u00fcber die Schleimhaut des Verdauungstraktes und k\u00f6nnen diese beruhigen.<\/p>\n<p>Die dritte Wirkkomponente besteht aus Pektinen. Pektine werden im Humanbereich z.B. in Durchfallmitteln sowie Darmtherapeutika erfolgreich eingesetzt. Sie wirken in HBD\u2019s\u00ae DigestoPhlog unterst\u00fctzend zur Neubildung einer gesunden Magen-\/Darmschleimhaut, indem sie eine weitere gelartige Substanz auf der Schleimhaut bilden. Weiter dienen sie als \u201eNahrung\u201c f\u00fcr die gesunde Darmflora, was auch zus\u00e4tzlich einer Darmfehlbesiedelung entgegenwirken kann.<\/p>\n<p>Durch die Beruhigung der Darmschleimh\u00e4ute kommt das (bei Allergikern \u00fcberschie\u00dfende) Immunsystem des Darmes schnell zur Ruhe, die Symptome der Allergie k\u00f6nnen deutlich reduziert werden.<\/p>\n<p>HBD\u2019s\u00ae DigestoPhlog enth\u00e4lt keine Basensalze, greift also nicht in den S\u00e4urestoffwechsel des Magens ein mit der m\u00f6glichen Folge einer dauerhaften \u00dcberproduktion von Magens\u00e4ure.<\/p>\n<p>HBD\u2019s\u00ae DigestoPhlog sollte bei Magenproblemen nach oder parallel zur tier\u00e4rztlichen Behandlung mit S\u00e4ureblockern erfolgen. Je nach Schweregrad der Magenerkrankung mindestens 6 Wochen lang, evtl. auch \u00fcber mehrere Monate.<\/p>\n<p>Als Einsatzgebiete sind zu nennen:<\/p>\n<ul>\n<li>Magenschleimhautentz\u00fcndung<\/li>\n<li>Magengeschw\u00fcr<\/li>\n<li>Darmentz\u00fcndung, Darmschleimhautentz\u00fcndung, Colitis<\/li>\n<li>Kotwasser<\/li>\n<li>Allergien der Haut oder der Lunge (Bei Allergikern sollte eine individuelle Dosierung erfolgen)<\/li>\n<li>Immunschw\u00e4che allgemein oder spezifisch<\/li>\n<li>Entz\u00fcndungsneigung systemisch<\/li>\n<\/ul>\n<p>ADMR Hinweis:<br \/>\nHBD\u2019s\u00ae DigestoPhlog enth\u00e4lt ADMR-relevante Substanzen (Rosmarinextrakt). Bitte bei Turnierpferden eine Karenzzeit beachten. Sp\u00e4testens 48 Stunden vor Turnierstart absetzen. F\u00fcr Rennpferde gilt immer die Nulll\u00f6sung vor dem Rennen.<\/p>\n","protected":false},"excerpt":{"rendered":"<p>Das innovative Konzept f\u00fcr den \u00fcberreizten und sensiblen Verdauungstrakt des Pferdes. HBD\u2019s\u00ae DigestoPhlog besteht aus hochkonzentrierten Omega-3-Fetts\u00e4uren, gewonnen aus einer &hellip; <a href=\"https:\/\/lizando-gmbh.de\/index.php\/produkt\/hbds-digestophlog\/\" class=\"more-link\">Continue reading <span class=\"screen-reader-text\">HBD\u2019s\u00ae DigestoPhlog<\/span><\/a><\/p>\n","protected":false},"featured_media":508,"template":"","meta":[],"product_brand":[],"product_cat":[35,36],"product_tag":[],"class_list":{"0":"post-506","1":"product","2":"type-product","3":"status-publish","4":"has-post-thumbnail","6":"product_cat-pferd","7":"product_cat-privat","8":"product_shipping_class-normale-pakete","10":"first","11":"instock","12":"taxable","13":"shipping-taxable","14":"purchasable","15":"product-type-variable"},"_links":{"self":[{"href":"https:\/\/lizando-gmbh.de\/index.php\/wp-json\/wp\/v2\/product\/506","targetHints":{"allow":["GET"]}}],"collection":[{"href":"https:\/\/lizando-gmbh.de\/index.php\/wp-json\/wp\/v2\/product"}],"about":[{"href":"https:\/\/lizando-gmbh.de\/index.php\/wp-json\/wp\/v2\/types\/product"}],"wp:featuredmedia":[{"embeddable":true,"href":"https:\/\/lizando-gmbh.de\/index.php\/wp-json\/wp\/v2\/media\/508"}],"wp:attachment":[{"href":"https:\/\/lizando-gmbh.de\/index.php\/wp-json\/wp\/v2\/media?parent=506"}],"wp:term":[{"taxonomy":"product_brand","embeddable":true,"href":"https:\/\/lizando-gmbh.de\/index.php\/wp-json\/wp\/v2\/product_brand?post=506"},{"taxonomy":"product_cat","embeddable":true,"href":"https:\/\/lizando-gmbh.de\/index.php\/wp-json\/wp\/v2\/product_cat?post=506"},{"taxonomy":"product_tag","embeddable":true,"href":"https:\/\/lizando-gmbh.de\/index.php\/wp-json\/wp\/v2\/product_tag?post=506"}],"curies":[{"name":"wp","href":"https:\/\/api.w.org\/{rel}","templated":true}]}}