{"id":510,"date":"2023-09-08T01:45:56","date_gmt":"2023-09-08T01:45:56","guid":{"rendered":"https:\/\/lizando-gmbh.de\/?post_type=product&#038;p=510"},"modified":"2024-02-19T14:19:02","modified_gmt":"2024-02-19T14:19:02","slug":"hbds-digestovit-ohne-bierhefe","status":"publish","type":"product","link":"https:\/\/lizando-gmbh.de\/index.php\/produkt\/hbds-digestovit-ohne-bierhefe\/","title":{"rendered":"HBD\u2019s\u00ae DigestoVit\u00ae ohne Bierhefe"},"content":{"rendered":"<p><strong>Die 3 Wirkkomponenten &#8211; Innovation zur Harmonisierung des entz\u00fcndeten, belasteten Darmes, bei Koliken, Kotwasser, Durchfall, Fehlbesiedelungen des Darmes und bei Allergien.<\/strong><\/p>\n<p>HBD\u2019s\u00ae DigestoVit\u00ae ohne Bierhefe ist das innovative Nutrazeutikum f\u00fcr den Darm des Pferdes, bestehend aus 3 Wirkkomponenten, die synergistisch ihre Wirkung entfalten.<\/p>\n<p>Die Bedingungen im Verdauungstrakt und ganz besonders im Darm beeinflussen die Vitalit\u00e4t und Leistungsf\u00e4higkeit ebenso wie den Immunstatus eines Tieres.<br \/>\nLiegen hier St\u00f6rungen vor, z.B. Fehlbesiedelungen im Dick-\/D\u00fcnndarm und\/oder Fehlg\u00e4rungen sowie Produktion von Endotoxinen\/Enterotoxinen, k\u00f6nnen beim Tier gesundheitliche Probleme auftreten, die sich oft an ganz anderer Stelle manifestieren.<br \/>\nWiederkehrende Lungen-, Hautprobleme sowie Allergien oder auch St\u00f6rungen der Leistungsf\u00e4higkeit sowie des Allgemeinbefindens des Tieres k\u00f6nnen die Folge sein.<br \/>\nAuch Abmagern sowie Vitamin- und N\u00e4hrstoffm\u00e4ngel k\u00f6nnen zur Tagesordnung werden.<\/p>\n<p>Die Darmschleimh\u00e4ute sind bei einer Darmfehlbesiedelung in der Regel entz\u00fcndet und damit durchl\u00e4ssiger f\u00fcr Toxine aller Art. Diese k\u00f6nnen hierbei verst\u00e4rkt ins Blut und zur Leber gelangen und diese stark belasten.<\/p>\n<p>HBD\u2019s\u00ae DigestoVit\u00ae ohne Bierhefe kann einen sehr gro\u00dfen Beitrag leisten, die nat\u00fcrliche, gesunde Darmfunktion und ein gut funktionierendes Immunsystem wiederherzustellen.<\/p>\n<p>HBD\u2019s\u00ae DigestoVit\u00ae ohne Bierhefe enth\u00e4lt besonders ausgew\u00e4hlte, h\u00f6chstwertige Rohstoffe mit nat\u00fcrlicher Restenzymaktivit\u00e4t. Dadurch kann eine aktive Entz\u00fcndungshemmung an den Darm- und Magenschleimh\u00e4uten unterst\u00fctzt werden.<br \/>\nAu\u00dferdem kann die Wiederherstellung eines gesunden Darmmikrobioms aktiv gef\u00f6rdert werden und eine m\u00f6gliche Dysbiose (Fehlbesiedelung) des Dickdarmes reduziert werden.<\/p>\n<p>Ebenso k\u00f6nnen pH-Wertverschiebungen, die bei einer gest\u00f6rten Darmfunktion immer vorliegen, positiv beeinflusst werden<\/p>\n<p>Grunds\u00e4tzlich sollte HBD\u2019s\u00ae DigestoVit\u00ae ohne Bierhefe als Kur von ca. 6 Monaten eingesetzt werden. Es kann aber auch als Dauergabe (z.B. bei kolikoperierten Pferden) verabreicht werden.<\/p>\n<p>Bei Darmproblemen jeder Art ist es ist sehr wichtig, dass die F\u00fctterung des Pferdes angepasst wird, so dass ein Einsatz von HBD\u2019s\u00ae DigestoVit\u00ae ohne Bierhefe erfolgreich verlaufen kann.<\/p>\n<p>Zu den einzelnen Wirkstoffen gibt es teils umfangreiche Studien, die Sie gerne jederzeit einsehen k\u00f6nnen.<\/p>\n<p>Das Pferd sollte ausreichend sauberes, qualitativ einwandfreies Heu, sowie ein melassefreies, hochbioverf\u00fcgbares Mineralfutter (z.B. HBD\u2019s\u00ae HorseMineral MBA-frei) bekommen.<\/p>\n<p>Au\u00dferdem sollte das Krippenfutter keinesfalls Getreide, sowie zugesetzten Zucker, Kr\u00e4uter(-dauergaben) oder sonstige belastende Stoffe (z.B. \u00e4therische \u00d6le) enthalten.<\/p>\n<p>Als Krippenfutter empfehlen wir: z.B. HBD\u2019s\u00ae Vitalo, HBD\u2019s\u00ae StrukturVit, bzw. HBD\u2019s\u00ae OryVital, HBD\u2019s\u00ae EquiDietic (wahlweise mit Reisfutter- oder Traubenkernmehl).<br \/>\nWir helfen Ihnen gern bei der richtigen Auswahl f\u00fcr Ihr Pferd.<\/p>\n<p>Folgende Einsatzgebiete sind zu nennen:<\/p>\n<ul>\n<li>Fehlbesiedelungen im Darm<\/li>\n<li>Fehlg\u00e4rungen, h\u00e4ufiges Aufgasen \/ Bl\u00e4hungen<\/li>\n<li>Durchfall, Kotwasser<\/li>\n<li>Immunschw\u00e4che spezifisch oder allgemein<\/li>\n<li>wiederkehrend schlechte Leberwerte, schlechtes Allgemeinbefinden<\/li>\n<li>Kolikneigung, Dauerkoliker, kolikoperierte Pferde<\/li>\n<li>alte wie auch magere Pferde<\/li>\n<li>schlechte Futterverwerter<\/li>\n<\/ul>\n","protected":false},"excerpt":{"rendered":"<p>Die 3 Wirkkomponenten &#8211; Innovation zur Harmonisierung des entz\u00fcndeten, belasteten Darmes, bei Koliken, Kotwasser, Durchfall, Fehlbesiedelungen des Darmes und bei &hellip; <a href=\"https:\/\/lizando-gmbh.de\/index.php\/produkt\/hbds-digestovit-ohne-bierhefe\/\" class=\"more-link\">Continue reading <span class=\"screen-reader-text\">HBD\u2019s\u00ae DigestoVit\u00ae ohne Bierhefe<\/span><\/a><\/p>\n","protected":false},"featured_media":511,"template":"","meta":[],"product_brand":[],"product_cat":[35,36],"product_tag":[],"class_list":{"0":"post-510","1":"product","2":"type-product","3":"status-publish","4":"has-post-thumbnail","6":"product_cat-pferd","7":"product_cat-privat","8":"product_shipping_class-normale-pakete","10":"first","11":"instock","12":"taxable","13":"shipping-taxable","14":"purchasable","15":"product-type-variable","16":"has-default-attributes"},"_links":{"self":[{"href":"https:\/\/lizando-gmbh.de\/index.php\/wp-json\/wp\/v2\/product\/510","targetHints":{"allow":["GET"]}}],"collection":[{"href":"https:\/\/lizando-gmbh.de\/index.php\/wp-json\/wp\/v2\/product"}],"about":[{"href":"https:\/\/lizando-gmbh.de\/index.php\/wp-json\/wp\/v2\/types\/product"}],"wp:featuredmedia":[{"embeddable":true,"href":"https:\/\/lizando-gmbh.de\/index.php\/wp-json\/wp\/v2\/media\/511"}],"wp:attachment":[{"href":"https:\/\/lizando-gmbh.de\/index.php\/wp-json\/wp\/v2\/media?parent=510"}],"wp:term":[{"taxonomy":"product_brand","embeddable":true,"href":"https:\/\/lizando-gmbh.de\/index.php\/wp-json\/wp\/v2\/product_brand?post=510"},{"taxonomy":"product_cat","embeddable":true,"href":"https:\/\/lizando-gmbh.de\/index.php\/wp-json\/wp\/v2\/product_cat?post=510"},{"taxonomy":"product_tag","embeddable":true,"href":"https:\/\/lizando-gmbh.de\/index.php\/wp-json\/wp\/v2\/product_tag?post=510"}],"curies":[{"name":"wp","href":"https:\/\/api.w.org\/{rel}","templated":true}]}}