{"id":513,"date":"2023-09-08T01:47:23","date_gmt":"2023-09-08T01:47:23","guid":{"rendered":"https:\/\/lizando-gmbh.de\/?post_type=product&#038;p=513"},"modified":"2024-02-19T14:17:59","modified_gmt":"2024-02-19T14:17:59","slug":"hbds-digestovit-forte","status":"publish","type":"product","link":"https:\/\/lizando-gmbh.de\/index.php\/produkt\/hbds-digestovit-forte\/","title":{"rendered":"HBD\u2019s\u00ae DigestoVit\u00ae Forte"},"content":{"rendered":"<p><strong>Die 4 Wirkkomponenten-Formel zur Harmonisierung des entz\u00fcndeten, belasteten Darmes, bei Koliken, Kotwasser, Durchfall, Leaky Gut, Fehlbesiedelungen des Darmes und bei Allergien<\/strong><\/p>\n<p>HBD\u2019s\u00ae DigestoVit\u00ae Forte ist das innovative Nutrazeutikum f\u00fcr den Darm des Pferdes, bestehend aus 4 Wirkkomponenten, die synergistisch ihre Wirkung entfalten.<\/p>\n<p>Die Bedingungen im Verdauungstrakt und ganz besonders im Darm beeinflussen die Vitalit\u00e4t und Leistungsf\u00e4higkeit ebenso wie den Immunstatus eines Tieres.<br \/>\nLiegen hier St\u00f6rungen vor, z.B. Fehlbesiedelungen im Dick-\/D\u00fcnndarm und\/oder Fehlg\u00e4rungen sowie Produktion von Endotoxinen\/Enterotoxinen, k\u00f6nnen beim Tier gesundheitliche Probleme auftreten, die sich oft an ganz anderer Stelle manifestieren.<br \/>\nWiederkehrende Lungen-, Hautprobleme sowie Allergien oder auch St\u00f6rungen der Leistungsf\u00e4higkeit sowie des Allgemeinbefindens des Tieres k\u00f6nnen die Folge sein.<br \/>\nAuch Abmagern sowie Vitamin- und N\u00e4hrstoffm\u00e4ngel k\u00f6nnen zur Tagesordnung werden.<\/p>\n<p>Die Darmschleimh\u00e4ute sind bei einer Darmfehlbesiedelung in der Regel entz\u00fcndet und damit durchl\u00e4ssiger f\u00fcr Toxine aller Art. Diese k\u00f6nnen hierbei verst\u00e4rkt ins Blut und zur Leber gelangen und diese stark belasten.<\/p>\n<p>HBD\u2019s\u00ae DigestoVit\u00ae Forte kann einen sehr gro\u00dfen Beitrag leisten, die nat\u00fcrliche, gesunde Darmfunktion und ein gut funktionierendes Immunsystem wiederherzustellen.<\/p>\n<p>HBD\u2019s\u00ae DigestoVit\u00ae Forte enth\u00e4lt besonders ausgew\u00e4hlte, h\u00f6chstwertige Rohstoffe mit nat\u00fcrlicher Restenzymaktivit\u00e4t. Dadurch kann eine aktive Entz\u00fcndungshemmung an den Darm- und Magenschleimh\u00e4uten unterst\u00fctzt werden.<br \/>\nAu\u00dferdem kann die Wiederherstellung eines gesunden Darmmikrobioms aktiv gef\u00f6rdert werden und eine m\u00f6gliche Dysbiose (Fehlbesiedelung) des Dickdarmes reduziert werden.<\/p>\n<p>HBD\u2019s\u00ae DigestoVit Forte enth\u00e4lt zus\u00e4tzlich zu den bekannten Inhaltsstoffen von HBD\u2019s\u00ae DigestoVit\u00ae \/ DigestoVit\u00ae ohne Bierhefe eine zus\u00e4tzliche Komponente, n\u00e4mlich hochgereinigte Beta-Glucane.<\/p>\n<p>Wir verwenden Beta-Glucane aus der Bierhefe. Diese Beta-Glucane sind besonders wertvoll als Prebiotikum. Die gesunden Darmkeime des Darmmikrobioms stellen daraus durch Fermentation kurzkettige Fetts\u00e4uren her, vor allem Butyrat.<br \/>\nButyrat wiederum dient den Schleimhautzellen der Dickdarmschleimhaut als Hauptenergiequelle.<br \/>\nWenn diese Dickdarmschleimhautzellen durch z.B. ein Leaky Gut oder Silent Inflammation gesch\u00e4digt sind, werden diese besonders gut versorgt und k\u00f6nnen sich schneller regenerieren.<br \/>\nWir verwenden hier eine zugesetzte H\u00f6chstmenge dieser hochgereinigten Beta-Glucane, um gr\u00f6\u00dftm\u00f6gliche, positive Pflege an der Darmschleimhaut sicher zu stellen.<\/p>\n<p>Ebenso k\u00f6nnen pH-Wertverschiebungen, die bei einer gest\u00f6rten Darmfunktion immer vorliegen, positiv beeinflusst werden.<\/p>\n<p>Grunds\u00e4tzlich sollte HBD\u2019s\u00ae DigestoVit\u00ae Forte als Beginn einer Kur ca. 8 Wochen verf\u00fcttert werden, danach kann auf HBD\u2019s\u00ae DigestoVit\u00ae oder HBD\u2019s\u00ae DigestoVit\u00ae ohne Bierhefe gewechselt werden.<br \/>\nEs wird eine Gesamtdauer der Kur von 6-12 Monaten empfohlen. Es kann aber auch als Dauergabe (z.B. bei kolikoperierten Pferden) zugef\u00fcttert werden.<br \/>\nBei Darmproblemen jeder Art ist es ist sehr wichtig, dass die F\u00fctterung des Pferdes angepasst wird, so dass ein Einsatz von HBD\u2019s\u00ae DigestoVit Forte erfolgreich verlaufen kann.<\/p>\n<p>Das Pferd sollte ausreichend sauberes, qualitativ einwandfreies Heu, sowie ein melassefreies, hochbioverf\u00fcgbares Mineralfutter (z.B. HBD\u2019s\u00ae HorseMineral MBA-frei) bekommen.<\/p>\n<p>Au\u00dferdem sollte das Krippenfutter keinesfalls Getreide sowie zugesetzten Zucker, Kr\u00e4uter(-dauergaben) oder sonstige belastende Stoffe (z.B. \u00e4therische \u00d6le) enthalten.<\/p>\n<p>Als Krippenfutter empfehlen wir: z.B. HBD\u2019s\u00ae Vitalo, HBD\u2019s\u00ae StrukturVit, bzw. HBD\u2019s\u00ae OryVital, HBD\u2019s\u00ae EquiDietic (wahlweise mit Reisfutter- oder Traubenkernmehl).<br \/>\nWir helfen Ihnen gern bei der richtigen Auswahl f\u00fcr Ihr Pferd.<\/p>\n<p><strong><u>Folgende Einsatzgebiete sind zu nennen:<\/u><\/strong><\/p>\n<ul>\n<li>Fehlbesiedelungen im Darm<\/li>\n<li>Fehlg\u00e4rungen, h\u00e4ufiges Aufgasen\/Bl\u00e4hungen<\/li>\n<li>Durchfall, Kotwasser<\/li>\n<li>Immunschw\u00e4che spezifisch oder allgemein<\/li>\n<li>wiederkehrend schlechte Leberwerte, schlechtes Allgemeinbefinden<\/li>\n<li>Kolikneigung, Dauerkoliker, kolikoperierte Pferde<\/li>\n<li>alte wie auch magere Pferde<\/li>\n<li>schlechte Futterverwerter<\/li>\n<\/ul>\n","protected":false},"excerpt":{"rendered":"<p>Die 4 Wirkkomponenten-Formel zur Harmonisierung des entz\u00fcndeten, belasteten Darmes, bei Koliken, Kotwasser, Durchfall, Leaky Gut, Fehlbesiedelungen des Darmes und bei &hellip; <a href=\"https:\/\/lizando-gmbh.de\/index.php\/produkt\/hbds-digestovit-forte\/\" class=\"more-link\">Continue reading <span class=\"screen-reader-text\">HBD\u2019s\u00ae DigestoVit\u00ae Forte<\/span><\/a><\/p>\n","protected":false},"featured_media":514,"template":"","meta":[],"product_brand":[],"product_cat":[35,36],"product_tag":[],"class_list":{"0":"post-513","1":"product","2":"type-product","3":"status-publish","4":"has-post-thumbnail","6":"product_cat-pferd","7":"product_cat-privat","8":"product_shipping_class-normale-pakete","10":"first","11":"instock","12":"taxable","13":"shipping-taxable","14":"purchasable","15":"product-type-variable"},"_links":{"self":[{"href":"https:\/\/lizando-gmbh.de\/index.php\/wp-json\/wp\/v2\/product\/513","targetHints":{"allow":["GET"]}}],"collection":[{"href":"https:\/\/lizando-gmbh.de\/index.php\/wp-json\/wp\/v2\/product"}],"about":[{"href":"https:\/\/lizando-gmbh.de\/index.php\/wp-json\/wp\/v2\/types\/product"}],"wp:featuredmedia":[{"embeddable":true,"href":"https:\/\/lizando-gmbh.de\/index.php\/wp-json\/wp\/v2\/media\/514"}],"wp:attachment":[{"href":"https:\/\/lizando-gmbh.de\/index.php\/wp-json\/wp\/v2\/media?parent=513"}],"wp:term":[{"taxonomy":"product_brand","embeddable":true,"href":"https:\/\/lizando-gmbh.de\/index.php\/wp-json\/wp\/v2\/product_brand?post=513"},{"taxonomy":"product_cat","embeddable":true,"href":"https:\/\/lizando-gmbh.de\/index.php\/wp-json\/wp\/v2\/product_cat?post=513"},{"taxonomy":"product_tag","embeddable":true,"href":"https:\/\/lizando-gmbh.de\/index.php\/wp-json\/wp\/v2\/product_tag?post=513"}],"curies":[{"name":"wp","href":"https:\/\/api.w.org\/{rel}","templated":true}]}}