{"id":516,"date":"2023-09-08T01:48:41","date_gmt":"2023-09-08T01:48:41","guid":{"rendered":"https:\/\/lizando-gmbh.de\/?post_type=product&#038;p=516"},"modified":"2024-02-19T00:38:58","modified_gmt":"2024-02-19T00:38:58","slug":"hbds-equidietic-tkm-mit-traubenkernmehl","status":"publish","type":"product","link":"https:\/\/lizando-gmbh.de\/index.php\/produkt\/hbds-equidietic-tkm-mit-traubenkernmehl\/","title":{"rendered":"HBD\u2019s\u00ae EquiDietic TKM (mit Traubenkernmehl)"},"content":{"rendered":"<h4>Das innovative di\u00e4tische Breifutter f\u00fcr alle Pferde<\/h4>\n<h5>Frei von jeglichen Zuckerzus\u00e4tzen, frei von Kr\u00e4utern und frei von synthetischen Zus\u00e4tzen. Dar\u00fcber hinaus frei von Getreide. Traubenkernmehl enthalten.<\/h5>\n<p>HBD\u2019s\u00ae EquiDietic TKM ist ein neuartiges, di\u00e4tetisches und leicht verdauliches Erg\u00e4nzungsfuttermittel f\u00fcr Pferde zur Harmonisierung der Verdauung.<\/p>\n<p>HBD\u2019s\u00ae EquiDietic ist komplett frei von zugesetzten Zuckern und frei von sonstigen synthetischen Zusatzstoffen. Nur nativ sind im Gr\u00fcnfaseranteil geringe Mengen Zucker enthalten. Dar\u00fcber hinaus ist es frei von Weizen, Dinkel, Gerste, Hafer, Mais und Hirse. Enth\u00e4lt Traubenkernmehl.<\/p>\n<p>HBD\u2019s\u00ae EquiDietic ist als Breifutter mit Wasser anzur\u00fchren, wirkt aber nicht abf\u00fchrend wie ein Mash, sondern ern\u00e4hrend und aufbauend mit hochwertigen Eiwei\u00df- und Energietr\u00e4gern in Form von hochwertigen, wertvollen Omega-3-Fetts\u00e4uren. Es ist daher auch f\u00fcr alle Pferde mit Zahnproblemen hervorragend geeignet.<\/p>\n<p>HBD\u2019s\u00ae EquiDietic ist auch als Magenschutz f\u00fcr Sportpferde oder magenkranke Pferde geeignet, da sich die enthaltene, schleimige Struktur des Futters (enth\u00e4lt hochwertigen Chiasamen) wie ein Schutzfilm auf die Schleimh\u00e4ute des Magens und Darms legt und diese beruhigt.<\/p>\n<p>HBD\u2019s\u00ae EquiDietic ist auch zum Auff\u00fcttern von alten und\/oder mageren Pferden sehr gut geeignet.<\/p>\n<p>HBD\u2019s\u00ae EquiDietic harmonisiert die Verdauung schnell und bringt zus\u00e4tzliche Fl\u00fcssigkeit ins Pferd.<\/p>\n<p>Wir verwenden ausschlie\u00dflich h\u00f6chstwertige Rohstoffe f\u00fcr HBD\u2019s\u00ae EquiDietic.<\/p>\n<p>Als Einsatzgebiete sind zu nennen:<\/p>\n<ul>\n<li>Pferde mit Zahnproblemen<\/li>\n<li>Pferde, die zu wenig trinken<\/li>\n<li>Alte Pferde, die Futter zunehmend schlecht verdauen und verstoffwechseln k\u00f6nnen.<\/li>\n<li>Pferde mit Magen\u2013 und\/oder Darmproblemen<\/li>\n<li>Pferde mit Stoffwechselproblemen<\/li>\n<li>Pferde nach Operationen<\/li>\n<li>Pferde in der Rekonvaleszenz<\/li>\n<li>Pferden mit Hufrehe<\/li>\n<li>Pferde mit Allergien<\/li>\n<li>Cushingpferde<\/li>\n<li>Sportpferde w\u00e4hrend des Wettkampfes als Magenschutz<\/li>\n<\/ul>\n","protected":false},"excerpt":{"rendered":"<p>Das innovative di\u00e4tische Breifutter f\u00fcr alle Pferde Frei von jeglichen Zuckerzus\u00e4tzen, frei von Kr\u00e4utern und frei von synthetischen Zus\u00e4tzen. Dar\u00fcber &hellip; <a href=\"https:\/\/lizando-gmbh.de\/index.php\/produkt\/hbds-equidietic-tkm-mit-traubenkernmehl\/\" class=\"more-link\">Continue reading <span class=\"screen-reader-text\">HBD\u2019s\u00ae EquiDietic TKM (mit Traubenkernmehl)<\/span><\/a><\/p>\n","protected":false},"featured_media":517,"template":"","meta":[],"product_brand":[],"product_cat":[35,36],"product_tag":[],"class_list":{"0":"post-516","1":"product","2":"type-product","3":"status-publish","4":"has-post-thumbnail","6":"product_cat-pferd","7":"product_cat-privat","8":"product_shipping_class-normale-pakete","10":"first","11":"instock","12":"taxable","13":"shipping-taxable","14":"purchasable","15":"product-type-variable"},"_links":{"self":[{"href":"https:\/\/lizando-gmbh.de\/index.php\/wp-json\/wp\/v2\/product\/516","targetHints":{"allow":["GET"]}}],"collection":[{"href":"https:\/\/lizando-gmbh.de\/index.php\/wp-json\/wp\/v2\/product"}],"about":[{"href":"https:\/\/lizando-gmbh.de\/index.php\/wp-json\/wp\/v2\/types\/product"}],"wp:featuredmedia":[{"embeddable":true,"href":"https:\/\/lizando-gmbh.de\/index.php\/wp-json\/wp\/v2\/media\/517"}],"wp:attachment":[{"href":"https:\/\/lizando-gmbh.de\/index.php\/wp-json\/wp\/v2\/media?parent=516"}],"wp:term":[{"taxonomy":"product_brand","embeddable":true,"href":"https:\/\/lizando-gmbh.de\/index.php\/wp-json\/wp\/v2\/product_brand?post=516"},{"taxonomy":"product_cat","embeddable":true,"href":"https:\/\/lizando-gmbh.de\/index.php\/wp-json\/wp\/v2\/product_cat?post=516"},{"taxonomy":"product_tag","embeddable":true,"href":"https:\/\/lizando-gmbh.de\/index.php\/wp-json\/wp\/v2\/product_tag?post=516"}],"curies":[{"name":"wp","href":"https:\/\/api.w.org\/{rel}","templated":true}]}}