{"id":522,"date":"2023-09-08T01:51:56","date_gmt":"2023-09-08T01:51:56","guid":{"rendered":"https:\/\/lizando-gmbh.de\/?post_type=product&#038;p=522"},"modified":"2024-02-19T00:31:44","modified_gmt":"2024-02-19T00:31:44","slug":"hbds-gruenlipp-pur","status":"publish","type":"product","link":"https:\/\/lizando-gmbh.de\/index.php\/produkt\/hbds-gruenlipp-pur\/","title":{"rendered":"HBD\u2019s\u00ae Gr\u00fcnlipp Pur"},"content":{"rendered":"<p>HBD\u2019s\u00ae Gr\u00fcnlipp Pur ist ein Produkt zur Unterst\u00fctzung und Regeneration des Bindegewebes, des Sehnengewebes\/Bandapparates sowie dem Knorpelgewebe bei Pferd, Hund und Katze.<br \/>\nEs besteht zu 100% aus Gr\u00fcnlippmuschelpulver ohne jegliche Beimengung von Tr\u00e4gerstoffen.<\/p>\n<p>HBD\u2019s\u00ae Gr\u00fcnlipp Pur kann f\u00fcr eine bessere Ern\u00e4hrung des Binde-\/Sehnengewebes und des Knorpelgewebes mit Polyglycosaminoglykanen sorgen.<\/p>\n<p>HBD\u2019s\u00ae Gr\u00fcnlipp Pur garantiert Ihnen h\u00f6chste Qualit\u00e4t der verwendeten Inhaltsstoffe.<\/p>\n<p>Insbesondere wird unser Produkt nicht ent\u00f6lt oder teilent\u00f6lt. Die nat\u00fcrlicherweise enthaltenen \u00d6le sind ma\u00dfgeblich entscheidend f\u00fcr die sehr gute Wirkung von HBD\u2019s\u00ae Gr\u00fcnlipp Pur.<\/p>\n<p>Die Ern\u00e4hrung des defekten Gewebes mit Mucopolysacchariden, auch als Glucosaminoglycane bekannt, wird deutlich verbessert, dadurch kann der Heilungsprozess schneller einsetzen und die Verletzung umfassender abheilen.<\/p>\n<p>Durch den in der Regel kurm\u00e4\u00dfigen Einsatz von HBD\u2019s\u00ae Gr\u00fcnlipp Pur wird die Ern\u00e4hrung in diversen Gewebearten (Bindegewebe, Knorpelgewebe, Sehnengewebe und Bandapparat) signifikant verbessert, so dass Defekte schneller ausheilen k\u00f6nnen und Knorpelmasse wieder besser durchsaftet wird mit (mit N\u00e4hrstoffen ges\u00e4ttigter) Gelenkfl\u00fcssigkeit.<\/p>\n<p>Folgende Einsatzgebiete sind zu nennen:<\/p>\n<ul>\n<li>Sehnensch\u00e4den akut oder chronisch<\/li>\n<li>Arthrose<\/li>\n<li>Spat<\/li>\n<li>Pr\u00e4ventiv z.B. bei Sportpferden oder \u00e4lteren Pferden, zur Aufzucht bei Jungpferden<\/li>\n<\/ul>\n<p>Die F\u00fctterungsempfehlung f\u00fcr Pferde entnehmen Sie bitte dem Etikett.<br \/>\nDie F\u00fctterungsempfehlung f\u00fcr Hund\/Katze: bitte auf Anfrage.<\/p>\n","protected":false},"excerpt":{"rendered":"<p>HBD\u2019s\u00ae Gr\u00fcnlipp Pur ist ein Produkt zur Unterst\u00fctzung und Regeneration des Bindegewebes, des Sehnengewebes\/Bandapparates sowie dem Knorpelgewebe bei Pferd, Hund &hellip; <a href=\"https:\/\/lizando-gmbh.de\/index.php\/produkt\/hbds-gruenlipp-pur\/\" class=\"more-link\">Continue reading <span class=\"screen-reader-text\">HBD\u2019s\u00ae Gr\u00fcnlipp Pur<\/span><\/a><\/p>\n","protected":false},"featured_media":523,"template":"","meta":[],"product_brand":[],"product_cat":[35,36],"product_tag":[],"class_list":{"0":"post-522","1":"product","2":"type-product","3":"status-publish","4":"has-post-thumbnail","6":"product_cat-pferd","7":"product_cat-privat","8":"product_shipping_class-normale-pakete","10":"first","11":"instock","12":"taxable","13":"shipping-taxable","14":"purchasable","15":"product-type-variable","16":"has-default-attributes"},"_links":{"self":[{"href":"https:\/\/lizando-gmbh.de\/index.php\/wp-json\/wp\/v2\/product\/522","targetHints":{"allow":["GET"]}}],"collection":[{"href":"https:\/\/lizando-gmbh.de\/index.php\/wp-json\/wp\/v2\/product"}],"about":[{"href":"https:\/\/lizando-gmbh.de\/index.php\/wp-json\/wp\/v2\/types\/product"}],"wp:featuredmedia":[{"embeddable":true,"href":"https:\/\/lizando-gmbh.de\/index.php\/wp-json\/wp\/v2\/media\/523"}],"wp:attachment":[{"href":"https:\/\/lizando-gmbh.de\/index.php\/wp-json\/wp\/v2\/media?parent=522"}],"wp:term":[{"taxonomy":"product_brand","embeddable":true,"href":"https:\/\/lizando-gmbh.de\/index.php\/wp-json\/wp\/v2\/product_brand?post=522"},{"taxonomy":"product_cat","embeddable":true,"href":"https:\/\/lizando-gmbh.de\/index.php\/wp-json\/wp\/v2\/product_cat?post=522"},{"taxonomy":"product_tag","embeddable":true,"href":"https:\/\/lizando-gmbh.de\/index.php\/wp-json\/wp\/v2\/product_tag?post=522"}],"curies":[{"name":"wp","href":"https:\/\/api.w.org\/{rel}","templated":true}]}}