{"id":525,"date":"2023-09-08T01:53:26","date_gmt":"2023-09-08T01:53:26","guid":{"rendered":"https:\/\/lizando-gmbh.de\/?post_type=product&#038;p=525"},"modified":"2024-03-04T11:10:58","modified_gmt":"2024-03-04T11:10:58","slug":"urkraft-hanfoel-fuer-pferde-ponys","status":"publish","type":"product","link":"https:\/\/lizando-gmbh.de\/index.php\/produkt\/urkraft-hanfoel-fuer-pferde-ponys\/","title":{"rendered":"URKRAFT Hanf\u00f6l f\u00fcr Pferde &#038; Pony&#8217;s"},"content":{"rendered":"<p><strong>Urkraft Hanf\u00f6l kaltgepresst<\/strong><strong>\u00a0<\/strong>ist reich an essentiellen Fetts\u00e4uren. Essentielle Fetts\u00e4uren ( = mehrfach unges\u00e4ttigte Fetts\u00e4uren, u.a. Omega-3-Fetts\u00e4uren) sind wichtig f\u00fcr\u00a0<strong>Pferde<\/strong>\u00a0und\u00a0<strong>Ponys<\/strong>.<br \/>\nDiese Fetts\u00e4uren unterst\u00fctzen den Zellstoffwechsel, vermeiden Entz\u00fcndungen, sind wichtig f\u00fcr die Gesundheit von Haut und Haaren, versorgen den Bewegungsapparat von Pferden mit Schmierstoffen und sind hilfreich beim\u00a0Aufbau einer starken Immunabwehr.<br \/>\nDie im\u00a0<strong>Urkraft Hanf\u00f6l<\/strong><strong>\u00a0<\/strong>enthaltenen essentiellen Fetts\u00e4uren kann ein Pferdek\u00f6rper nicht selber erzeugen, daher muss die Versorgung \u00fcber die F\u00fctterung erfolgen!<\/p>\n<p><strong>\u00a0<\/strong><\/p>\n<p><strong>Urkraft Hanf\u00f6l kaltgepresst&#8230;<\/strong><br \/>\n&#8230;st\u00e4rkt das Immunsystem<br \/>\n&#8230;zur Pflege von trockener und schuppiger Haut<br \/>\n&#8230;regenerierende und zellerneuernde Wirkung aufgrund der enthalten Alpha-Linolens\u00e4ure<br \/>\n&#8230;besitzt einen positiven Einfluss auf das Wohlbefinden<br \/>\n&#8230;wichtige Bestandteile sind die mehrfach-unges\u00e4ttigten Fetts\u00e4uren, wie Linols\u00e4ure und Alpha-Linolens\u00e4ure (Verh\u00e4ltnis 3:1) und die seltene Gamma-Linolens\u00e4ure (bis zu 4%))<\/p>\n<p>Vertrauen Sie auf die bew\u00e4hrte Urkraft Kaltpressung von unter 40\u00b0C, sowie auf unsere Produktion nach Lebensmittelstandard.<br \/>\n<u>Zusammensetzung:<\/u><\/p>\n<p>100% Hanf\u00f6l, kaltgepresst<\/p>\n<p>&nbsp;<\/p>\n<p><u>Analytische Bestandteile:<\/u><\/p>\n<table  class=\" table table-hover\" width=\"50%\">\n<tbody>\n<tr>\n<td>Rohprotein<\/td>\n<td>0 %<\/td>\n<\/tr>\n<tr>\n<td>Rohfaser<\/td>\n<td>0 %<\/td>\n<\/tr>\n<tr>\n<td>Rohfett<\/td>\n<td>99,7 %<\/td>\n<\/tr>\n<tr>\n<td>Rohasche<\/td>\n<td>0 %<\/td>\n<\/tr>\n<\/tbody>\n<\/table>\n<p>&nbsp;<\/p>\n<p><u>Fetts\u00e4ureprofil:<\/u><\/p>\n<table  class=\" table table-hover\" width=\"50%\">\n<tbody>\n<tr>\n<td>ges\u00e4ttigte Fetts\u00e4uren<\/td>\n<td>9,6 g<\/td>\n<\/tr>\n<tr>\n<td>einfach unges\u00e4ttigte Fetts\u00e4uren<\/td>\n<td>11,3 g<\/td>\n<\/tr>\n<tr>\n<td>mehrfach unges\u00e4ttigte Fetts\u00e4uren<\/td>\n<td>78,8 g<\/td>\n<\/tr>\n<\/tbody>\n<\/table>\n<h2>F\u00fctterungsempfehlung<\/h2>\n<p>Ponys &amp; Kleinpferde &#8211; t\u00e4glich oder Kurweise (min. 4 Wochen)<br \/>\n20 &#8211; 30 ml pro Tier<br \/>\nGro\u00dfpferde &#8211; t\u00e4glich oder Kurweise (min. 4 Wochen)<br \/>\n60 &#8211; 70 ml pro Tier<\/p>\n","protected":false},"excerpt":{"rendered":"<p>Urkraft Hanf\u00f6l kaltgepresst\u00a0ist reich an essentiellen Fetts\u00e4uren. Essentielle Fetts\u00e4uren ( = mehrfach unges\u00e4ttigte Fetts\u00e4uren, u.a. Omega-3-Fetts\u00e4uren) sind wichtig f\u00fcr\u00a0Pferde\u00a0und\u00a0Ponys. Diese &hellip; <a href=\"https:\/\/lizando-gmbh.de\/index.php\/produkt\/urkraft-hanfoel-fuer-pferde-ponys\/\" class=\"more-link\">Continue reading <span class=\"screen-reader-text\">URKRAFT Hanf\u00f6l f\u00fcr Pferde &#038; Pony&#8217;s<\/span><\/a><\/p>\n","protected":false},"featured_media":527,"template":"","meta":[],"product_brand":[],"product_cat":[35,36],"product_tag":[],"class_list":{"0":"post-525","1":"product","2":"type-product","3":"status-publish","4":"has-post-thumbnail","6":"product_cat-pferd","7":"product_cat-privat","9":"first","10":"instock","11":"taxable","12":"shipping-taxable","13":"purchasable","14":"product-type-variable","15":"has-default-attributes"},"_links":{"self":[{"href":"https:\/\/lizando-gmbh.de\/index.php\/wp-json\/wp\/v2\/product\/525","targetHints":{"allow":["GET"]}}],"collection":[{"href":"https:\/\/lizando-gmbh.de\/index.php\/wp-json\/wp\/v2\/product"}],"about":[{"href":"https:\/\/lizando-gmbh.de\/index.php\/wp-json\/wp\/v2\/types\/product"}],"wp:featuredmedia":[{"embeddable":true,"href":"https:\/\/lizando-gmbh.de\/index.php\/wp-json\/wp\/v2\/media\/527"}],"wp:attachment":[{"href":"https:\/\/lizando-gmbh.de\/index.php\/wp-json\/wp\/v2\/media?parent=525"}],"wp:term":[{"taxonomy":"product_brand","embeddable":true,"href":"https:\/\/lizando-gmbh.de\/index.php\/wp-json\/wp\/v2\/product_brand?post=525"},{"taxonomy":"product_cat","embeddable":true,"href":"https:\/\/lizando-gmbh.de\/index.php\/wp-json\/wp\/v2\/product_cat?post=525"},{"taxonomy":"product_tag","embeddable":true,"href":"https:\/\/lizando-gmbh.de\/index.php\/wp-json\/wp\/v2\/product_tag?post=525"}],"curies":[{"name":"wp","href":"https:\/\/api.w.org\/{rel}","templated":true}]}}