{"id":528,"date":"2023-09-08T01:55:47","date_gmt":"2023-09-08T01:55:47","guid":{"rendered":"https:\/\/lizando-gmbh.de\/?post_type=product&#038;p=528"},"modified":"2024-02-19T00:31:03","modified_gmt":"2024-02-19T00:31:03","slug":"urkraft-hanfpellets-fuer-pferde-ponys","status":"publish","type":"product","link":"https:\/\/lizando-gmbh.de\/index.php\/produkt\/urkraft-hanfpellets-fuer-pferde-ponys\/","title":{"rendered":"URKRAFT Hanfpellets f\u00fcr Pferde &#038; Pony&#8217;s"},"content":{"rendered":"<p><strong>Hanfpellets kaltgepresst und f\u00fctterungsfertig,<\/strong><strong>\u00a0<\/strong>das protein- und ballaststoffreiche Zusatzfuttermittel f\u00fcr Ihr Pferd.<br \/>\nUrkraft Hanfpellets werden\u00a0 zu 100% aus Hanfsamen hergestellt und sind somit\u00a0<em>getreidefrei<\/em>.<br \/>\nDie Hanfpellets sind eine wertvolle pflanzliche Quelle f\u00fcr essentielle Fetts\u00e4uren.<br \/>\nSie k\u00f6nnen die<strong>\u00a0<\/strong><strong>Hanfpellets<\/strong>\u00a0auch als sehr gut verdauliches Belohnungsleckerli f\u00fcr Ihr Pferd oder Ihr Pony einsetzen.<br \/>\nVertrauen Sie auf die Urkraft Kaltpressung von unter 40\u00b0C und auf unsere Produktion nach Lebensmittelstandard.<br \/>\n<u>Inhaltsstoffe:<\/u><\/p>\n<p>100% Hanfpresskuchen, kaltgepresst aus Cannabis sativa<\/p>\n<p><u>Analytische Bestandteile:<\/u><\/p>\n<p>Rohprotein \u00a0 \u00a0 \u00a0\u00a0 \u00a0\u00a0\u00a0\u00a0\u00a0\u00a0\u00a0\u00a0\u00a0\u00a0\u00a0\u00a0\u00a0\u00a0\u00a0 42 %<\/p>\n<p>Rohfaser \u00a0\u00a0\u00a0\u00a0\u00a0\u00a0\u00a0\u00a0\u00a0\u00a0\u00a0\u00a0\u00a0\u00a0\u00a0\u00a0\u00a0\u00a0 \u00a0 \u00a0 16,5 %<\/p>\n<p>Rohfett \u00a0 \u00a0 \u00a0 \u00a0 \u00a0\u00a0\u00a0\u00a0\u00a0\u00a0\u00a0\u00a0\u00a0\u00a0\u00a0\u00a0\u00a0\u00a0\u00a0\u00a0\u00a0\u00a0\u00a0\u00a0 12 %<\/p>\n<p>Rohasche\u00a0\u00a0\u00a0\u00a0\u00a0\u00a0\u00a0\u00a0\u00a0\u00a0\u00a0\u00a0\u00a0\u00a0\u00a0 \u00a0 \u00a0 \u00a0 \u00a0\u00a0 7 %<\/p>\n<h2><\/h2>\n<h2>F\u00fctterungsempfehlung<\/h2>\n<p>t\u00e4glich 1 Hand voll \u00fcber das gewohnte Futter oder \u00fcber den Tag verteilt als Belohnung<\/p>\n","protected":false},"excerpt":{"rendered":"<p>Hanfpellets kaltgepresst und f\u00fctterungsfertig,\u00a0das protein- und ballaststoffreiche Zusatzfuttermittel f\u00fcr Ihr Pferd. Urkraft Hanfpellets werden\u00a0 zu 100% aus Hanfsamen hergestellt und &hellip; <a href=\"https:\/\/lizando-gmbh.de\/index.php\/produkt\/urkraft-hanfpellets-fuer-pferde-ponys\/\" class=\"more-link\">Continue reading <span class=\"screen-reader-text\">URKRAFT Hanfpellets f\u00fcr Pferde &#038; Pony&#8217;s<\/span><\/a><\/p>\n","protected":false},"featured_media":529,"template":"","meta":[],"product_brand":[],"product_cat":[35,36],"product_tag":[],"class_list":{"0":"post-528","1":"product","2":"type-product","3":"status-publish","4":"has-post-thumbnail","6":"product_cat-pferd","7":"product_cat-privat","8":"product_shipping_class-normale-pakete","10":"first","11":"instock","12":"taxable","13":"shipping-taxable","14":"purchasable","15":"product-type-variable","16":"has-default-attributes"},"_links":{"self":[{"href":"https:\/\/lizando-gmbh.de\/index.php\/wp-json\/wp\/v2\/product\/528","targetHints":{"allow":["GET"]}}],"collection":[{"href":"https:\/\/lizando-gmbh.de\/index.php\/wp-json\/wp\/v2\/product"}],"about":[{"href":"https:\/\/lizando-gmbh.de\/index.php\/wp-json\/wp\/v2\/types\/product"}],"wp:featuredmedia":[{"embeddable":true,"href":"https:\/\/lizando-gmbh.de\/index.php\/wp-json\/wp\/v2\/media\/529"}],"wp:attachment":[{"href":"https:\/\/lizando-gmbh.de\/index.php\/wp-json\/wp\/v2\/media?parent=528"}],"wp:term":[{"taxonomy":"product_brand","embeddable":true,"href":"https:\/\/lizando-gmbh.de\/index.php\/wp-json\/wp\/v2\/product_brand?post=528"},{"taxonomy":"product_cat","embeddable":true,"href":"https:\/\/lizando-gmbh.de\/index.php\/wp-json\/wp\/v2\/product_cat?post=528"},{"taxonomy":"product_tag","embeddable":true,"href":"https:\/\/lizando-gmbh.de\/index.php\/wp-json\/wp\/v2\/product_tag?post=528"}],"curies":[{"name":"wp","href":"https:\/\/api.w.org\/{rel}","templated":true}]}}