{"id":533,"date":"2023-09-08T01:57:43","date_gmt":"2023-09-08T01:57:43","guid":{"rendered":"https:\/\/lizando-gmbh.de\/?post_type=product&#038;p=533"},"modified":"2024-02-19T14:11:16","modified_gmt":"2024-02-19T14:11:16","slug":"hbds-heparmin","status":"publish","type":"product","link":"https:\/\/lizando-gmbh.de\/index.php\/produkt\/hbds-heparmin\/","title":{"rendered":"HBD\u2019s\u00ae HeparMin\u00ae"},"content":{"rendered":"<p><strong>Das nachhaltige Ern\u00e4hrungs-Konzept zum Muskelaufbau und zur Unterst\u00fctzung von Entgiftungstherapien bei Pferden.<\/strong><\/p>\n<p>HBD\u2019s\u00ae HeparMin\u00ae wirkt durch den hohen organischen Zinkanteil stark anregend f\u00fcr die gesamte enzymatische Produktion in Magen und Darm, ebenso wie f\u00fcr die Leber in ihrer Entgiftungsfunktion.<\/p>\n<p>Die Leber ben\u00f6tigt Zink, um Toxine wasserl\u00f6slich und damit ausscheidungsf\u00e4hig zu machen. Eine optimale Zinkversorgung kann so die Entgiftung optimal unterst\u00fctzen.<\/p>\n<p>Die Blutbildung und die Immunleistung kann ebenfalls durch Zink positiv beeinflusst werden.<\/p>\n<p>Der hohe Anteil an B-Vitaminen optimiert zus\u00e4tzlich diese Stoffwechselvorg\u00e4nge.<\/p>\n<p>Somit kann eine deutliche Leberentlastung durch die gesteigerte Entgiftungsleistung im gesamten Stoffwechsel hervorgerufen werden.<\/p>\n<p>Durch diese m\u00f6gliche Entlastung der Leber in der Entgiftungsleistung werden mehr Kapazit\u00e4ten f\u00fcr Glycogenaufbau und Glycogenspeicherung (n\u00f6tig f\u00fcr die Muskelarbeit) sowie Aufbau von muskelverwertbarem Eiwei\u00df frei.<br \/>\nDies kann unmittelbare positive Auswirkungen auf die Muskelsituation und den Muskelstoffwechsel haben. Dadurch kann der Muskelaufbau nachhaltig und dauerhaft gef\u00f6rdert werden (ein ad\u00e4quates Training des Pferdes wird vorausgesetzt).<\/p>\n<p>Dies kann bei fachgerechtem Training des Pferdes zu einem, auch nach Absetzen von HBD\u2019s\u00ae HeparMin\u00ae, nachhaltigen und dauerhaften Muskelwachstum f\u00fchren.<\/p>\n<p>HBD\u2019s\u00ae HeparMin\u00ae ist ein endogenes Muskelaufbau-Pr\u00e4parat und im Vergleich zu herk\u00f6mmlichen Produkten auf Aminos\u00e4urebasis ein v\u00f6llig neues Konzept. Es wirkt urs\u00e4chlich durch Entlastung der Leber von Giftstoffen.<\/p>\n<p>Bitte zeitlich getrennt von anderen Mineralstoffen oder Mineralfuttermitteln geben, da sonst die Wirkung negativ beeinflusst werden kann.<\/p>\n<p>Wir empfehlen die Zugabe bei der Abendf\u00fctterung.<\/p>\n<p>Folgende Einsatzgebiete sind zu nennen:<\/p>\n<ul>\n<li>bei Hufrehe auch bereits im Akutstadium parallel zu den tier\u00e4rztlichen Ma\u00dfnahmen als Entgiftungsmittel\/Entlastungsmittel f\u00fcr die Leber einsetzbar, ohne den ohnehin \u00fcberlasteten Entgiftungsstoffwechsel zus\u00e4tzlich zu belasten<\/li>\n<li>als Zink-\/B-Vitaminerg\u00e4nzung f\u00fcr KPU-Pferde<\/li>\n<li>zur Leistungsabsicherung f\u00fcr das (Hoch-)Leistungspferd im Training<\/li>\n<li>bei Pferden mit Darmproblemen, diese produzieren durch die gest\u00f6rte Darmflora zu wenige B-Vitamine, welche durch HBD\u2019s\u00ae HeparMin\u00ae sinnvoll erg\u00e4nzt werden k\u00f6nnen<\/li>\n<li>bei Pferden mit schlechtem Hufwachstum, Hufproblemen, hier sollte die Gabe au\u00dferdem um ein gutes Komplettmineralfutter wie z.B. HBD\u2019s\u00ae HorseMineral erg\u00e4nzt werden<\/li>\n<li>bei Pferden mit (chronischem) Zinkmangel<\/li>\n<\/ul>\n<p>ADMR Hinweis: Achtung:<br \/>\nHBD\u2019s\u00ae HeparMin\u00ae enth\u00e4lt ADMR-relevante Substanzen (Kobalt). Bitte bei Turnierpferden eine Karenzzeit beachten.<br \/>\nSp\u00e4testens 48 Stunden vor Turnierstart absetzen. F\u00fcr Rennpferde gilt immer die Nulll\u00f6sung vor dem Rennen.<\/p>\n","protected":false},"excerpt":{"rendered":"<p>Das nachhaltige Ern\u00e4hrungs-Konzept zum Muskelaufbau und zur Unterst\u00fctzung von Entgiftungstherapien bei Pferden. HBD\u2019s\u00ae HeparMin\u00ae wirkt durch den hohen organischen Zinkanteil &hellip; <a href=\"https:\/\/lizando-gmbh.de\/index.php\/produkt\/hbds-heparmin\/\" class=\"more-link\">Continue reading <span class=\"screen-reader-text\">HBD\u2019s\u00ae HeparMin\u00ae<\/span><\/a><\/p>\n","protected":false},"featured_media":534,"template":"","meta":[],"product_brand":[],"product_cat":[35,36],"product_tag":[],"class_list":{"0":"post-533","1":"product","2":"type-product","3":"status-publish","4":"has-post-thumbnail","6":"product_cat-pferd","7":"product_cat-privat","8":"product_shipping_class-normale-pakete","10":"first","11":"instock","12":"taxable","13":"shipping-taxable","14":"purchasable","15":"product-type-variable","16":"has-default-attributes"},"_links":{"self":[{"href":"https:\/\/lizando-gmbh.de\/index.php\/wp-json\/wp\/v2\/product\/533","targetHints":{"allow":["GET"]}}],"collection":[{"href":"https:\/\/lizando-gmbh.de\/index.php\/wp-json\/wp\/v2\/product"}],"about":[{"href":"https:\/\/lizando-gmbh.de\/index.php\/wp-json\/wp\/v2\/types\/product"}],"wp:featuredmedia":[{"embeddable":true,"href":"https:\/\/lizando-gmbh.de\/index.php\/wp-json\/wp\/v2\/media\/534"}],"wp:attachment":[{"href":"https:\/\/lizando-gmbh.de\/index.php\/wp-json\/wp\/v2\/media?parent=533"}],"wp:term":[{"taxonomy":"product_brand","embeddable":true,"href":"https:\/\/lizando-gmbh.de\/index.php\/wp-json\/wp\/v2\/product_brand?post=533"},{"taxonomy":"product_cat","embeddable":true,"href":"https:\/\/lizando-gmbh.de\/index.php\/wp-json\/wp\/v2\/product_cat?post=533"},{"taxonomy":"product_tag","embeddable":true,"href":"https:\/\/lizando-gmbh.de\/index.php\/wp-json\/wp\/v2\/product_tag?post=533"}],"curies":[{"name":"wp","href":"https:\/\/api.w.org\/{rel}","templated":true}]}}