{"id":536,"date":"2023-09-08T01:59:59","date_gmt":"2023-09-08T01:59:59","guid":{"rendered":"https:\/\/lizando-gmbh.de\/?post_type=product&#038;p=536"},"modified":"2024-02-19T14:01:05","modified_gmt":"2024-02-19T14:01:05","slug":"hbds-horsemineral-mba-frei-melasse-bierhefe-und-apfeltresterfrei-pellets","status":"publish","type":"product","link":"https:\/\/lizando-gmbh.de\/index.php\/produkt\/hbds-horsemineral-mba-frei-melasse-bierhefe-und-apfeltresterfrei-pellets\/","title":{"rendered":"HBD\u2019s\u00ae HorseMineral MBA-frei (melasse-, bierhefe- und apfeltresterfrei) Pellets"},"content":{"rendered":"<h4>HBD\u2019s\u00ae HorseMineral MBA-frei &#8211; organisch gebundenes Komplett-Mineralfutter f\u00fcr alle Pferde, getreidefrei, synthetikafrei (keine synthetischen Farbstoffe, Aromastoffe, Geschmacksstoffe, Konservierungsmittel sowie Geschmacksverst\u00e4rker).<\/h4>\n<h5>Eine umfassende zus\u00e4tzliche Mineralstoffversorgung durch HBD\u2019s\u00ae HorseMineral MBA-frei zur Hafer- und Kraftfuttergabe ist heutzutage alternativlos, da die B\u00f6den (und damit auch alles, was darauf w\u00e4chst) n\u00e4hrstoff- und mineralstoffarm sind.<\/h5>\n<p>Die optimale Resorption (Bioverf\u00fcgbarkeit) von HBD\u2019s\u00ae HorseMineral MBA-frei ist auf die besonderen Spurenelementkomplexe zur\u00fcckzuf\u00fchren.<\/p>\n<p>Anders als die oft \u00fcblicherweise verwendeten anorganischen Sulfat- oder Oxid-Verbindungen, liegen in HBD\u2019s\u00ae HorseMineral MBA-frei ausschlie\u00dflich (100%) Aminos\u00e4ure-Chelat-Verbindungen der neuesten Generation vor, die eine sehr hohe Bioverf\u00fcgbarkeit gew\u00e4hrleisten k\u00f6nnen.<\/p>\n<p>Die Versorgung des K\u00f6rpers mit den wichtigen Spurenelementen Eisen, Kupfer, Mangan, Kobalt, Selen und Zink kann durch HBD\u2019s\u00ae HorseMineral MBA-frei optimiert werden.<\/p>\n<p>Die meist unerw\u00fcnschten pH-Wert-Beeinflussungen durch Sulfat-Verbindungen entfallen. Durch einen h\u00f6heren pH-Wert ist eine Verbesserung in der mikrobiellen Fermentation von Futtern\u00e4hrstoffen zu beobachten.<\/p>\n<p>HBD\u2019s\u00ae HorseMineral MBA-frei aktiviert, belebt und harmonisiert. Schon nach kurzer Zeit (ca. 14 Tage) k\u00f6nnen sich sichtbare Verbesserungen des allgemein Zustandes (optisch) und leistungsm\u00e4\u00dfig ergeben.<\/p>\n<p>HBD\u2019s\u00ae HorseMineral MBA-frei sorgt f\u00fcr schnelle Regeneration auch nach starker Belastung.<\/p>\n<p>Nerv\u00f6se Pferde werden ruhiger und es hilft eventuelle Stresssituationen schneller zu \u00fcberwinden.<\/p>\n<p>Bei KPU- und Rehe-Pferden muss besonders auf zinkreiche sowie kupferarme Versorgung geachtet werden. Hier bietet HBD\u2019s\u00ae HorseMineral MBA-frei, wie von vielen Therapeuten seit Jahrzehnten best\u00e4tigt, die optimale N\u00e4hrstoffkombination.<\/p>\n<p>Die ausgewogene Zusammensetzung von HBD\u2019s\u00ae HorseMineral MBA-frei macht die Beif\u00fctterung anderer Konzentrate meist \u00fcberfl\u00fcssig. Zus\u00e4tzliche Vitamingaben w\u00fcrden g\u00fcnstigstenfalls unter Belastung des Stoffwechsels wieder ausgeschieden.<\/p>\n<p>Nur die dauerhafte, nicht kurm\u00e4\u00dfige Aufwertung der F\u00fctterung mit HBD\u2019s\u00ae HorseMineral MBA-frei kann eine optimale Versorgung mit Spurenn\u00e4hrstoffen gew\u00e4hrleisten.<\/p>\n<p>Eine umfassende zus\u00e4tzliche Mineralstoffversorgung durch HBD\u2019s\u00ae HorseMineral zur Hafer- und Kraftfuttergabe ist heutzutage alternativlos, da die B\u00f6den (und damit auch alles, was darauf w\u00e4chst) n\u00e4hrstoff- und mineralstoffarm sind.<\/p>\n<p>Folgende Einsatzgebiete sind zu nennen:<\/p>\n<ul>\n<li>F\u00f6rderung der Durchblutung<\/li>\n<li>Verbesserung des Sauerstoffbindungsverm\u00f6gens im Blut<\/li>\n<li>F\u00fcllung der Glukosespeicher in Leber und Muskeln<\/li>\n<li>Optimierung des Regenerationsverm\u00f6gens durch schnelle Entschlackung bei erh\u00f6hter Leistung<\/li>\n<li>Verbesserung der Protein- und Energieverwertung<\/li>\n<li>Erh\u00f6hung und\/oder Erhalt der Muskelmasse<\/li>\n<li>f\u00f6rdert vorrangig die enzymatische Verdauung im D\u00fcnndarm<\/li>\n<li>st\u00fctzt und verst\u00e4rkt den nachgeschalteten mikrobiellen Futteraufschluss im Blind- und Grimmdarm<\/li>\n<li>verbessert den Futterwert und stellt mehr N\u00e4hrstoffe zur Verf\u00fcgung<\/li>\n<li>optimiert die Versorgung des K\u00f6rpers mit den Spurenelementen Kupfer, Mangan, Kobalt, Selen und Jod<\/li>\n<li>verbessert die Hornqualit\u00e4t<\/li>\n<li>wirkt sich positiv auf die Blutwerte aus<\/li>\n<li>minimiert die Hautekzem- und Fellproblematik<\/li>\n<li>st\u00e4rkt die Belastbarkeit des Organismus durch Synthese und Aktivierung von Abwehrstoffen aus dem k\u00f6rpereigenen Immunsystem<\/li>\n<li>wirkt durch erh\u00f6hte Energiebereitstellung beruhigend und ausgleichend auf ein instabiles, \u00fcberbeanspruchtes Nervensystem<\/li>\n<li>vermindert den Harnstoffgehalt im Blut durch Verbesserung des Eiwei\u00dfstoffwechsels<\/li>\n<\/ul>\n","protected":false},"excerpt":{"rendered":"<p>HBD\u2019s\u00ae HorseMineral MBA-frei &#8211; organisch gebundenes Komplett-Mineralfutter f\u00fcr alle Pferde, getreidefrei, synthetikafrei (keine synthetischen Farbstoffe, Aromastoffe, Geschmacksstoffe, Konservierungsmittel sowie Geschmacksverst\u00e4rker). &hellip; <a href=\"https:\/\/lizando-gmbh.de\/index.php\/produkt\/hbds-horsemineral-mba-frei-melasse-bierhefe-und-apfeltresterfrei-pellets\/\" class=\"more-link\">Continue reading <span class=\"screen-reader-text\">HBD\u2019s\u00ae HorseMineral MBA-frei (melasse-, bierhefe- und apfeltresterfrei) Pellets<\/span><\/a><\/p>\n","protected":false},"featured_media":537,"template":"","meta":[],"product_brand":[],"product_cat":[35,36],"product_tag":[],"class_list":{"0":"post-536","1":"product","2":"type-product","3":"status-publish","4":"has-post-thumbnail","6":"product_cat-pferd","7":"product_cat-privat","8":"product_shipping_class-normale-pakete","10":"first","11":"instock","12":"taxable","13":"shipping-taxable","14":"purchasable","15":"product-type-variable","16":"has-default-attributes"},"_links":{"self":[{"href":"https:\/\/lizando-gmbh.de\/index.php\/wp-json\/wp\/v2\/product\/536","targetHints":{"allow":["GET"]}}],"collection":[{"href":"https:\/\/lizando-gmbh.de\/index.php\/wp-json\/wp\/v2\/product"}],"about":[{"href":"https:\/\/lizando-gmbh.de\/index.php\/wp-json\/wp\/v2\/types\/product"}],"wp:featuredmedia":[{"embeddable":true,"href":"https:\/\/lizando-gmbh.de\/index.php\/wp-json\/wp\/v2\/media\/537"}],"wp:attachment":[{"href":"https:\/\/lizando-gmbh.de\/index.php\/wp-json\/wp\/v2\/media?parent=536"}],"wp:term":[{"taxonomy":"product_brand","embeddable":true,"href":"https:\/\/lizando-gmbh.de\/index.php\/wp-json\/wp\/v2\/product_brand?post=536"},{"taxonomy":"product_cat","embeddable":true,"href":"https:\/\/lizando-gmbh.de\/index.php\/wp-json\/wp\/v2\/product_cat?post=536"},{"taxonomy":"product_tag","embeddable":true,"href":"https:\/\/lizando-gmbh.de\/index.php\/wp-json\/wp\/v2\/product_tag?post=536"}],"curies":[{"name":"wp","href":"https:\/\/api.w.org\/{rel}","templated":true}]}}