{"id":541,"date":"2023-09-08T02:03:23","date_gmt":"2023-09-08T02:03:23","guid":{"rendered":"https:\/\/lizando-gmbh.de\/?post_type=product&#038;p=541"},"modified":"2024-02-19T14:09:43","modified_gmt":"2024-02-19T14:09:43","slug":"urkraft-leinoel-spezial","status":"publish","type":"product","link":"https:\/\/lizando-gmbh.de\/index.php\/produkt\/urkraft-leinoel-spezial\/","title":{"rendered":"Urkraft &#8211; Lein\u00f6l &#8211; Spezial"},"content":{"rendered":"<p><strong>Urkraft &#8211; Lein\u00f6l &#8211; Spezial<\/strong>\u00a0ist nachweislich ein\u00a0<strong><u>kaltgepresstes Lein\u00f6l<\/u><\/strong>\u00a0in Lebensmittelqualit\u00e4t. Dieses\u00a0<strong>Lein\u00f6l<\/strong>\u00a0war das erste \u00d6l, welches speziell auf den Fettbedarf und die<strong>\u00a0<\/strong><strong>Bed\u00fcrfnisse von Pferden abgestimmt<\/strong><strong>\u00a0<\/strong>wurde<strong>!<\/strong><\/p>\n<p><em>\u00a0<\/em><\/p>\n<p><em>Lein\u00f6l<\/em>\u00a0f\u00f6rdert bei regelm\u00e4\u00dfiger Beigabe\u00a0die Bildung und F\u00f6rderung der Muskulatur, insbesondere des Bewegungs- und Haltungsapparates!<\/p>\n<p>Die au\u00dfergew\u00f6hnliche Qualit\u00e4t von\u00a0<strong>Urkraft &#8211; Lein\u00f6l &#8211; Spezial<\/strong>\u00a0hat nachweislich weitere vielf\u00e4ltige Wirkungsweisen, als wertvolle Futterbeigabe bei:<\/p>\n<p>extremen Haar-, Haut- und Hufproblemen, Ausdauerschw\u00e4chen, Optimierung der Leistungsf\u00e4higkeit, zur Nervenstabilit\u00e4t, bei Immunschw\u00e4chen, Stutenfruchtbarkeit, als generelle Futteraufwertung und nat\u00fcrlich zus\u00e4tzliche Energieleistung bei Sportpferden (nat\u00fcrliches Doping ohne Eiwei\u00df und Kohlenhydrate).<\/p>\n<p><u>\u00a0<\/u><\/p>\n<p><u>Darreichungsform:<\/u><\/p>\n<p>\u00d6l<\/p>\n<p><u>ADMR konform:<\/u><\/p>\n<p>Nach Vorgabe der FN im Wettkampf einsetzbar.<\/p>\n<p><u>Verbrauchszeit:<\/u><\/p>\n<p>Nach Anbruch binnen 3-5 Monaten aufbrauchen. (Lieferung erfolgt ohne Dosierhilfe)<\/p>\n<h2><strong>F\u00fctterungsempfehlung Dosierung Lein\u00f6l von Urkraft<\/strong><\/h2>\n<p><em>Generell bei der Erstf\u00fctterung von\u00a0<\/em><strong><em>Lein\u00f6l<\/em><\/strong><em>, langsam anf\u00fcttern!<\/em><\/p>\n<p>Dosierung z. B. 1. Woche tgl. 20 ml\/Pferd, 2. Woche tgl. 40 ml\/Pferd, etc<\/p>\n<p><strong><u>Dosierungsempfehlung (Menge = Wirkung):<\/u><\/strong><\/p>\n<p><strong><u>\u00a0<\/u><\/strong><\/p>\n<ul>\n<li><strong>bis 20 ml\/Tag je Pferd oder Pony:<\/strong><\/li>\n<\/ul>\n<p>&#8211; schafft seidiges, gl\u00e4nzendes Fell<\/p>\n<p>&#8211; Freisetzung von fettl\u00f6slichen Vitaminen (A, D, E, K) aus M\u00f6hren etc.<\/p>\n<p>&#8211; guter Binder von staubigem Futter<\/p>\n<ul>\n<li><strong>ab 50 ml\/Tag je Pferd oder Pony:<\/strong><\/li>\n<\/ul>\n<p>&#8211; Stoffwechsel anregend und vitalisierend<\/p>\n<p>&#8211; unterst\u00fctzt den Muskulaturaufbau (Bewegungsapparat),<\/p>\n<p>&#8211; gut f\u00fcr ein gesundes kr\u00e4ftiges Herz (auch das Herz ist ein Muskel!)<\/p>\n<p>&#8211; Versorgung mit essentiellen Fetts\u00e4uren (Omega-3-Fetts\u00e4uren)<\/p>\n<p>&#8211; Energielieferant f\u00fcr die Fellwechsel- und Winterzeit<\/p>\n<p>&#8211; beugt Entz\u00fcndungsprozessen im Organismus vor<\/p>\n<p>&#8211; pflegt die Haut und h\u00e4lt sie geschmeidig, beugt Juckreiz und Schuppenbildung vor<\/p>\n<p>&nbsp;<\/p>\n<ul>\n<li><strong>ab 80 ml bis 250 ml \/ Tag je Pferd und Pony<\/strong><\/li>\n<\/ul>\n<p>(Empfehlung kurm\u00e4\u00dfig &#8211; bei mangelnder Bewegung setzen diese Mengen an):<\/p>\n<p>&nbsp;<\/p>\n<p>&#8211; Energiebooster f\u00fcr erh\u00f6hte Leistungsabforderung \/-bedarf (eiwei\u00df- und kohlenhydratfreie Energie anstatt Hafer &amp; Co.)<\/p>\n<p>&#8211; \u00a0verbesserte Wundheilung (nach operativen Eingriffen, bei Magengeschw\u00fcren, bei Hautproblemen z. B. Sommerekzem)<\/p>\n","protected":false},"excerpt":{"rendered":"<p>Urkraft &#8211; Lein\u00f6l &#8211; Spezial\u00a0ist nachweislich ein\u00a0kaltgepresstes Lein\u00f6l\u00a0in Lebensmittelqualit\u00e4t. Dieses\u00a0Lein\u00f6l\u00a0war das erste \u00d6l, welches speziell auf den Fettbedarf und die\u00a0Bed\u00fcrfnisse &hellip; <a href=\"https:\/\/lizando-gmbh.de\/index.php\/produkt\/urkraft-leinoel-spezial\/\" class=\"more-link\">Continue reading <span class=\"screen-reader-text\">Urkraft &#8211; Lein\u00f6l &#8211; Spezial<\/span><\/a><\/p>\n","protected":false},"featured_media":542,"template":"","meta":[],"product_brand":[],"product_cat":[35,36],"product_tag":[],"class_list":{"0":"post-541","1":"product","2":"type-product","3":"status-publish","4":"has-post-thumbnail","6":"product_cat-pferd","7":"product_cat-privat","8":"product_shipping_class-normale-pakete","10":"first","11":"instock","12":"taxable","13":"shipping-taxable","14":"purchasable","15":"product-type-variable"},"_links":{"self":[{"href":"https:\/\/lizando-gmbh.de\/index.php\/wp-json\/wp\/v2\/product\/541","targetHints":{"allow":["GET"]}}],"collection":[{"href":"https:\/\/lizando-gmbh.de\/index.php\/wp-json\/wp\/v2\/product"}],"about":[{"href":"https:\/\/lizando-gmbh.de\/index.php\/wp-json\/wp\/v2\/types\/product"}],"wp:featuredmedia":[{"embeddable":true,"href":"https:\/\/lizando-gmbh.de\/index.php\/wp-json\/wp\/v2\/media\/542"}],"wp:attachment":[{"href":"https:\/\/lizando-gmbh.de\/index.php\/wp-json\/wp\/v2\/media?parent=541"}],"wp:term":[{"taxonomy":"product_brand","embeddable":true,"href":"https:\/\/lizando-gmbh.de\/index.php\/wp-json\/wp\/v2\/product_brand?post=541"},{"taxonomy":"product_cat","embeddable":true,"href":"https:\/\/lizando-gmbh.de\/index.php\/wp-json\/wp\/v2\/product_cat?post=541"},{"taxonomy":"product_tag","embeddable":true,"href":"https:\/\/lizando-gmbh.de\/index.php\/wp-json\/wp\/v2\/product_tag?post=541"}],"curies":[{"name":"wp","href":"https:\/\/api.w.org\/{rel}","templated":true}]}}