{"id":546,"date":"2023-09-08T02:05:30","date_gmt":"2023-09-08T02:05:30","guid":{"rendered":"https:\/\/lizando-gmbh.de\/?post_type=product&#038;p=546"},"modified":"2024-02-19T00:29:01","modified_gmt":"2024-02-19T00:29:01","slug":"urkraft-leinsam-pellets-aus-braunem-leinsamen","status":"publish","type":"product","link":"https:\/\/lizando-gmbh.de\/index.php\/produkt\/urkraft-leinsam-pellets-aus-braunem-leinsamen\/","title":{"rendered":"URKRAFT-LEINSAM Pellets (aus braunem Leinsamen)"},"content":{"rendered":"<p>Produktinformationen<\/p>\n<p>&nbsp;<\/p>\n<p>Die altbekannten Wirkungen(z.B. bei Kotwasser-Problemen) der\u00a0<strong>Leinsaat in der Pferdef\u00fctterung <\/strong>sind im Wesentlichen auf die besonderen Schleimstoffe zur\u00fcckzuf\u00fchren. Sie sind Bestandteil der Saatenschale und werden bekanntlich durch Kochen oder Malen freigesetzt.<\/p>\n<p>Das\u00a0<strong>Qualit\u00e4tsprodukt<\/strong>\u00a0wurde speziell\u00a0<strong>f\u00fcr Pferde<\/strong>\u00a0entwickelt. Die wertvollen Schleimstoffe sind bei der Futteraufnahme sofort verf\u00fcgbar. Dieses wird \u00fcber das besondere Herstellungsverfahren und der Verwendung einer ausgesuchten Speiseleinsaat m\u00f6glich. Die nat\u00fcrliche Wirkung der Schleimstoffe dient der Pflege der Magen-Darm-Schleimhaut, als wertvolle Unterst\u00fctzung f\u00fcr den empfindlichen Verdauungsablauf, sowie zur optimalen Futterverwertung. Haarglanz \/ Beschaffenheit, optisches Aussehen und Lebensfreude ergeben sich bei einer t\u00e4glichen F\u00fctterung von selbst.<\/p>\n<p>Besonders empfohlen f\u00fcr Stuten, Fohlen, alte, kranke, f\u00fctterungsempfindliche, nervige, gestresste und Problem Pferde.<\/p>\n<p>&nbsp;<\/p>\n<p><strong><em>Die Pellets<\/em><\/strong><em>\u00a0<\/em><em>sind f\u00fctterungsfertig (kein Kochen, Einweichen oder Mahlen) und \u00e4u\u00dferst ergiebig &#8211; 10 kg reichen f\u00fcr 1 Pferd 100 bis 140 F\u00fctterungen<\/em>.<\/p>\n<p><strong>\u00a0<\/strong><\/p>\n<p><strong>Darreichungsform:<\/strong>\u00a0Pellets<\/p>\n<p><strong>Zusammensetzung \/ Angaben zu den Bestandteilen:<\/strong>\u00a0100% Leinkuchen, kaltgepresst<\/p>\n<p><strong>Durchschnittliche N\u00e4hrwerte pro 100g:<\/strong><\/p>\n<p>Brennwert 1446 kJ \/ 348 kcal &#8211; Rohprotein 37,3 g &#8211; Rohfett 9,4 g &#8211; Rohfaser 7,4 g &#8211; Rohasche 4,6 g &#8211; Kohlenhydrate 7,4 g<\/p>\n<p><u>Lagerung und Haltbarkeit:<\/u><\/p>\n<p>Bei dunkler, verschlossener und trockener Lagerung bedenkenlos zwei Jahre haltbar.<\/p>\n<h2>F\u00fctterungsempfehlung<\/h2>\n<p>20 &#8211; 30 g je 100 kg Pferdegewicht pro Tag<\/p>\n<p><u>Ist Ihr Pferd etwas w\u00e4hlerisch? Wenn ja, bitte durchlesen:<\/u><\/p>\n<p>Mag Ihr Pferd z.B. keine Bananen, kann es wom\u00f6glich sein, das es auch die Pellets ablehnt. Denn aufgrund der Schleimstoffe entwickeln die Pellets eine glibberige Konsistenz und kleben gerne mal zwischen den Backenz\u00e4hnen. Wir empfehlen in diesem Fall als Alternative URKRAFT-LEINSAM Granulat.<\/p>\n<p><u>Bitte sprechen Sie uns an!<\/u><\/p>\n","protected":false},"excerpt":{"rendered":"<p>Produktinformationen &nbsp; Die altbekannten Wirkungen(z.B. bei Kotwasser-Problemen) der\u00a0Leinsaat in der Pferdef\u00fctterung sind im Wesentlichen auf die besonderen Schleimstoffe zur\u00fcckzuf\u00fchren. Sie &hellip; <a href=\"https:\/\/lizando-gmbh.de\/index.php\/produkt\/urkraft-leinsam-pellets-aus-braunem-leinsamen\/\" class=\"more-link\">Continue reading <span class=\"screen-reader-text\">URKRAFT-LEINSAM Pellets (aus braunem Leinsamen)<\/span><\/a><\/p>\n","protected":false},"featured_media":547,"template":"","meta":[],"product_brand":[],"product_cat":[35,36],"product_tag":[],"class_list":{"0":"post-546","1":"product","2":"type-product","3":"status-publish","4":"has-post-thumbnail","6":"product_cat-pferd","7":"product_cat-privat","8":"product_shipping_class-normale-pakete","10":"first","11":"instock","12":"taxable","13":"shipping-taxable","14":"purchasable","15":"product-type-variable"},"_links":{"self":[{"href":"https:\/\/lizando-gmbh.de\/index.php\/wp-json\/wp\/v2\/product\/546","targetHints":{"allow":["GET"]}}],"collection":[{"href":"https:\/\/lizando-gmbh.de\/index.php\/wp-json\/wp\/v2\/product"}],"about":[{"href":"https:\/\/lizando-gmbh.de\/index.php\/wp-json\/wp\/v2\/types\/product"}],"wp:featuredmedia":[{"embeddable":true,"href":"https:\/\/lizando-gmbh.de\/index.php\/wp-json\/wp\/v2\/media\/547"}],"wp:attachment":[{"href":"https:\/\/lizando-gmbh.de\/index.php\/wp-json\/wp\/v2\/media?parent=546"}],"wp:term":[{"taxonomy":"product_brand","embeddable":true,"href":"https:\/\/lizando-gmbh.de\/index.php\/wp-json\/wp\/v2\/product_brand?post=546"},{"taxonomy":"product_cat","embeddable":true,"href":"https:\/\/lizando-gmbh.de\/index.php\/wp-json\/wp\/v2\/product_cat?post=546"},{"taxonomy":"product_tag","embeddable":true,"href":"https:\/\/lizando-gmbh.de\/index.php\/wp-json\/wp\/v2\/product_tag?post=546"}],"curies":[{"name":"wp","href":"https:\/\/api.w.org\/{rel}","templated":true}]}}