{"id":555,"date":"2023-09-08T02:09:46","date_gmt":"2023-09-08T02:09:46","guid":{"rendered":"https:\/\/lizando-gmbh.de\/?post_type=product&#038;p=555"},"modified":"2024-08-12T11:23:53","modified_gmt":"2024-08-12T11:23:53","slug":"hbds-movevital","status":"publish","type":"product","link":"https:\/\/lizando-gmbh.de\/index.php\/produkt\/hbds-movevital\/","title":{"rendered":"HBD\u2019s\u00ae MoveVital"},"content":{"rendered":"<p><strong>Erg\u00e4nzungsfuttermittel f\u00fcr Pferde<\/strong><\/p>\n<p>Bei allen Pferden, die stark beansprucht werden oder wurden, bei alten Pferden oder bei Pferden mit Aufzuchtdefiziten sowie Pferden mit Stellungsfehlern zeigen sich fr\u00fcher oder sp\u00e4ter Abnutzungserscheinungen in Form von Arthrosen, Bindegewebssch\u00e4den oder verst\u00e4rkter Entz\u00fcndungsneigung im Bewegungsapparat. Oftmals werden diese Pferde von der Tiermedizin aufgegeben oder sollen dauerhaft Schmerzmittel bekommen.<\/p>\n<p>Inzwischen ist aber die Bedeutung von bestimmten Komponenten in der Ern\u00e4hrung bekannt, die sich au\u00dferordentlich positiv bei solchen gesundheitlichen Beeintr\u00e4chtigungen auswirken k\u00f6nnen.<\/p>\n<p>Insbesondere die Bestandteile der neuseel\u00e4ndischen Gr\u00fcnlipp-Muschel sind hier zu nennen.<br \/>\nHBD\u2019s\u00ae MoveVital enth\u00e4lt ausschlie\u00dflich qualit\u00e4tsgepr\u00fcfte, nichtent\u00f6lte Neuseel\u00e4ndische Gr\u00fcnlippmuschel in sehr hoher Dosierung. Achten Sie darauf, keinesfalls ent\u00f6lte oder teilent\u00f6lte Ware zu kaufen. Die m\u00f6gliche Unterst\u00fctzung f\u00fcr den Bewegungsapparat wird nicht eintreten oder stark abgeschw\u00e4cht sein.<\/p>\n<p>Nur unbehandelte Ware, die gefriergetrocknet, aber nicht ent\u00f6lt wurde, enth\u00e4lt in vollem Umfang die wertvollen nutritiven Bestandteile f\u00fcr den Bewegungsapparat.<\/p>\n<p>Nur diese nichtent\u00f6lte Rohware ist extrem reich an organischen Siliciumverbindungen und mehrfach unges\u00e4ttigten Fetts\u00e4uren sowie Glycosaminoglycanen. Glycosaminoglycane bildet das Pferd bei optimaler Ern\u00e4hrung selbst in ausreichenden Mengen im Gelenkspalt, um per Diffusion z.B. die Knorpelstrukturen mit N\u00e4hrstoffen zu versorgen.<\/p>\n<p>Mit steigendem Alter, verst\u00e4rkter Abnutzung, Sch\u00e4den am Bindegewebe oder Knorpel wird die Eigenproduktion zu niedrig sein oder nicht ausreichen, um die Strukturen optimal zu versorgen und evtl. zu reparieren. Schmerzhafte, degenerative Entz\u00fcndungen sind die Folge. Hier kann HBD\u2019s\u00ae MoveVital die optimale Hilfe sein, um die m\u00f6gliche Versorgungsl\u00fccke zu schlie\u00dfen.<\/p>\n<p>Au\u00dferdem enth\u00e4lt HBD\u2019s\u00ae MoveVital Glucosamin.<br \/>\nGlucosamin ist einer der bew\u00e4hrtesten N\u00e4hrstoffe zur Unterst\u00fctzung der optimalen Gelenk- und Knorpelfunktion. Glucosamin ist ein hochkonzentrierter Aminozucker und grundlegender Baustoff, der zur Herstellung aller d\u00e4mpfenden Gelenkschichten, wie z.B. Knorpel ben\u00f6tigt wird. Glucosamin stimuliert die k\u00f6rpereigene Produktion von Reparaturbausteinen f\u00fcr den Knorpelstoffwechsel. Verletzungen, chronisch oder akut in einem Gelenk k\u00f6nnen ohne ausreichende Mengen Glucosamin nicht richtig und belastbar ausheilen.<br \/>\nGlucosamin ist in HBD\u2019s\u00ae MoveVital ebenfalls sehr hoch dosiert und f\u00f6rdert Gelenk-, Knorpel-, sowie Bindegewebsgesundheit.<\/p>\n<p>Wir verwenden auch hier nur h\u00f6chstm\u00f6gliche Qualit\u00e4t bei unserem Rohstoff.<\/p>\n<p>Folgende Einsatzgebiete sind zu nennen:<\/p>\n<ul>\n<li>alte Pferde<\/li>\n<li>Sport- und Leistungspferde jeder Art<\/li>\n<li>Pferde mit Stellungsfehlern<\/li>\n<li>Pferde mit Defiziten in der Aufzucht<\/li>\n<li>Pferde mit Arthros<\/li>\n<li>\u00a0Pferde mit Spat, Schale<\/li>\n<li>Pferde mit Verletzungen im Bewegungsapparat<\/li>\n<li>Pferde mit erh\u00f6hter Entz\u00fcndungsneigung<\/li>\n<\/ul>\n<p>F\u00fctterungshinweis:<br \/>\nGrunds\u00e4tzlich ist HBD\u2019s\u00ae MoveVital f\u00fcr alle Pferde, auch Pferde mit jeglichen Stoffwechselproblemen einsetzbar, da es keine Zuckerzus\u00e4tze, Getreide, Kr\u00e4uter oder Synthetika enth\u00e4lt.<\/p>\n<p>Bei jungen oder j\u00fcngeren Pferden sollte HBD\u2019s\u00ae MoveVital nur kurweise (3-6 Monate) gegeben werden, da der K\u00f6rper sich sonst an die Dauerzufuhr von Gelenkn\u00e4hrstoffen gew\u00f6hnt und seine Eigenproduktion nach einigen Monaten herunterf\u00e4hrt.<\/p>\n<p>Bei alten Pferden mit starker Arthrose kann HBD\u2019s MoveVital auch dauerhaft gegeben werden. Sprich hierzu gerne mit uns, um eine f\u00fcr Dein Pferd passende Dauerdosierung zu finden.<\/p>\n","protected":false},"excerpt":{"rendered":"<p>Erg\u00e4nzungsfuttermittel f\u00fcr Pferde Bei allen Pferden, die stark beansprucht werden oder wurden, bei alten Pferden oder bei Pferden mit Aufzuchtdefiziten &hellip; <a href=\"https:\/\/lizando-gmbh.de\/index.php\/produkt\/hbds-movevital\/\" class=\"more-link\">Continue reading <span class=\"screen-reader-text\">HBD\u2019s\u00ae MoveVital<\/span><\/a><\/p>\n","protected":false},"featured_media":556,"template":"","meta":[],"product_brand":[],"product_cat":[35,36],"product_tag":[],"class_list":{"0":"post-555","1":"product","2":"type-product","3":"status-publish","4":"has-post-thumbnail","6":"product_cat-pferd","7":"product_cat-privat","8":"product_shipping_class-normale-pakete","10":"first","11":"instock","12":"taxable","13":"shipping-taxable","14":"purchasable","15":"product-type-variable","16":"has-default-attributes"},"_links":{"self":[{"href":"https:\/\/lizando-gmbh.de\/index.php\/wp-json\/wp\/v2\/product\/555","targetHints":{"allow":["GET"]}}],"collection":[{"href":"https:\/\/lizando-gmbh.de\/index.php\/wp-json\/wp\/v2\/product"}],"about":[{"href":"https:\/\/lizando-gmbh.de\/index.php\/wp-json\/wp\/v2\/types\/product"}],"wp:featuredmedia":[{"embeddable":true,"href":"https:\/\/lizando-gmbh.de\/index.php\/wp-json\/wp\/v2\/media\/556"}],"wp:attachment":[{"href":"https:\/\/lizando-gmbh.de\/index.php\/wp-json\/wp\/v2\/media?parent=555"}],"wp:term":[{"taxonomy":"product_brand","embeddable":true,"href":"https:\/\/lizando-gmbh.de\/index.php\/wp-json\/wp\/v2\/product_brand?post=555"},{"taxonomy":"product_cat","embeddable":true,"href":"https:\/\/lizando-gmbh.de\/index.php\/wp-json\/wp\/v2\/product_cat?post=555"},{"taxonomy":"product_tag","embeddable":true,"href":"https:\/\/lizando-gmbh.de\/index.php\/wp-json\/wp\/v2\/product_tag?post=555"}],"curies":[{"name":"wp","href":"https:\/\/api.w.org\/{rel}","templated":true}]}}