{"id":563,"date":"2023-09-08T02:14:06","date_gmt":"2023-09-08T02:14:06","guid":{"rendered":"https:\/\/lizando-gmbh.de\/?post_type=product&#038;p=563"},"modified":"2024-02-18T23:49:44","modified_gmt":"2024-02-18T23:49:44","slug":"hbds-vitalo-mit-reisfuttermehl","status":"publish","type":"product","link":"https:\/\/lizando-gmbh.de\/index.php\/produkt\/hbds-vitalo-mit-reisfuttermehl\/","title":{"rendered":"HBD\u2019s\u00ae Vitalo (mit Reisfuttermehl)"},"content":{"rendered":"<h4>Das innovative und di\u00e4tische pelletierte Kraftfutter f\u00fcr alle Pferde.<\/h4>\n<h5>Ohne zugesetzte Zucker, Apfeltrester und ohne synthetische Zus\u00e4tze. Dar\u00fcber hinaus frei von jeglichen herk\u00f6mmlichen Getreidenarten. Reis enthalten.<\/h5>\n<p>HBD\u2019s\u00ae Vitalo ist ein ausgewogenes, zuckerarmes und getreidefreies Kraftfutter auf Basis von Reisfuttermehl, das f\u00fcr alle Pferde geeignet ist.<\/p>\n<p>Es kann an gesunde Leistungs- oder Freizeitpferde gleicherma\u00dfen verf\u00fcttert werden, ebenso an alle stoffwechselkranken Pferde, auch an Rehepferde in gr\u00f6\u00dferen Mengen.<\/p>\n<p>HBD\u2019s\u00ae Vitalo ist frei von jeglichen Beimischungen, die sich negativ auf den Stoffwechsel auswirken k\u00f6nnten.<\/p>\n<p>Es besteht aus Luzerne, Bierhefe, Lein\u00f6l, Leinkuchen und Reiskleie mit einem mittleren Energiegehalt. Ein geringer Anteil an Klinoptilolith bindet giftiges Ammonium, das im Darm unter bestimmten Umst\u00e4nden entstehen kann.<\/p>\n<p>HBD\u2019s\u00ae Vitalo kann somit auch zu mehr Darmgesundheit beitragen.<\/p>\n<p>Um eine Entmischung des Futters zu verhindern, haben wir uns f\u00fcr einen kaltgepressten Pellet entschieden.<\/p>\n<p>HBD\u2019s\u00ae Vitalo ist aus \u00dcberzeugung frei von Kr\u00e4uterzus\u00e4tzen, da diese bei Dauergabe in einem t\u00e4glichen Krippenfutter durch die enthaltenen \u00e4therischen \u00d6le die Darmschleimh\u00e4ute reizen und damit die Allergiebereitschaft des Organismus f\u00f6rdern k\u00f6nnen.<\/p>\n<p>HBD\u2019s\u00ae Vitalo ist bewusst nicht mineralisiert, damit die t\u00e4gliche Mineralfuttergabe unabh\u00e4ngig von der Kraftfuttergabe erfolgen kann.<\/p>\n<p>Wir empfehlen als Mineralisierung unser rein organisch gebundenes HBD\u2019s\u00ae Horse Mineral\/HBD\u2019s\u00ae HorseMineral MBA-frei oder HBD\u2019s\u00ae Mineralies.<\/p>\n<p>ADMR Hinweis:<br \/>\nHBD\u2019s\u00ae Vitalo enth\u00e4lt Reis. Reisfuttermehl ist grunds\u00e4tzlich ADMR-konform. F\u00fcr Rennpferde gilt generell die Nulll\u00f6sung, also zwingend eine Karenzzeit von mind. 48h vor dem Rennen.<\/p>\n<p>Folgende Einsatzgebiete sind zu nennen:<\/p>\n<ul>\n<li>das Freizeitpferd mit geringerem Anspruch an zus\u00e4tzlicher Energieversorgung<\/li>\n<li>den (Leistungs-)Sportler mit erh\u00f6htem Energiebedarf, dessen getreidest\u00e4rkehaltige Kraftfutterration bereits am Limit ist, der aber einen weiteren Energiebedarf hat, der vern\u00fcnftigerweise dann ohne Getreidest\u00e4rkeanteile erfolgen sollte, um den Darm nicht zu \u00fcbers\u00e4uern und die Leber zu \u00fcberlasten<\/li>\n<li>\u00e4ltere oder magere Pferde, die schlecht zunehmen oder ihr Gewicht nicht mehr halten k\u00f6nnen<\/li>\n<li>HBD\u2019s\u00ae Vitalo ist ebenso f\u00fcr alle stoffwechselproblematischen Pferde geeignet, z.B. Pferde mit PSSM, Hufrehe, Darmproblemen, Allergiker, etc. Auch in gr\u00f6\u00dferen Mengen, wenn n\u00f6tig, verf\u00fctterbar<\/li>\n<\/ul>\n","protected":false},"excerpt":{"rendered":"<p>Das innovative und di\u00e4tische pelletierte Kraftfutter f\u00fcr alle Pferde. Ohne zugesetzte Zucker, Apfeltrester und ohne synthetische Zus\u00e4tze. Dar\u00fcber hinaus frei &hellip; <a href=\"https:\/\/lizando-gmbh.de\/index.php\/produkt\/hbds-vitalo-mit-reisfuttermehl\/\" class=\"more-link\">Continue reading <span class=\"screen-reader-text\">HBD\u2019s\u00ae Vitalo (mit Reisfuttermehl)<\/span><\/a><\/p>\n","protected":false},"featured_media":564,"template":"","meta":[],"product_brand":[],"product_cat":[35,36],"product_tag":[],"class_list":{"0":"post-563","1":"product","2":"type-product","3":"status-publish","4":"has-post-thumbnail","6":"product_cat-pferd","7":"product_cat-privat","8":"product_shipping_class-normale-pakete","10":"first","11":"instock","12":"taxable","13":"shipping-taxable","14":"purchasable","15":"product-type-variable"},"_links":{"self":[{"href":"https:\/\/lizando-gmbh.de\/index.php\/wp-json\/wp\/v2\/product\/563","targetHints":{"allow":["GET"]}}],"collection":[{"href":"https:\/\/lizando-gmbh.de\/index.php\/wp-json\/wp\/v2\/product"}],"about":[{"href":"https:\/\/lizando-gmbh.de\/index.php\/wp-json\/wp\/v2\/types\/product"}],"wp:featuredmedia":[{"embeddable":true,"href":"https:\/\/lizando-gmbh.de\/index.php\/wp-json\/wp\/v2\/media\/564"}],"wp:attachment":[{"href":"https:\/\/lizando-gmbh.de\/index.php\/wp-json\/wp\/v2\/media?parent=563"}],"wp:term":[{"taxonomy":"product_brand","embeddable":true,"href":"https:\/\/lizando-gmbh.de\/index.php\/wp-json\/wp\/v2\/product_brand?post=563"},{"taxonomy":"product_cat","embeddable":true,"href":"https:\/\/lizando-gmbh.de\/index.php\/wp-json\/wp\/v2\/product_cat?post=563"},{"taxonomy":"product_tag","embeddable":true,"href":"https:\/\/lizando-gmbh.de\/index.php\/wp-json\/wp\/v2\/product_tag?post=563"}],"curies":[{"name":"wp","href":"https:\/\/api.w.org\/{rel}","templated":true}]}}