{"id":650,"date":"2024-02-22T15:37:37","date_gmt":"2024-02-22T15:37:37","guid":{"rendered":"https:\/\/lizando-gmbh.de\/?post_type=product&#038;p=650"},"modified":"2024-02-22T15:37:37","modified_gmt":"2024-02-22T15:37:37","slug":"hbds-mytox-ohne-bierhefe","status":"publish","type":"product","link":"https:\/\/lizando-gmbh.de\/index.php\/produkt\/hbds-mytox-ohne-bierhefe\/","title":{"rendered":"HBD\u2019s\u00ae Mytox ohne Bierhefe"},"content":{"rendered":"<h4>Das Futteradditiv zur Deaktivierung von (Pilz-)giften im Darm.<\/h4>\n<h5>HBD\u2019s\u00ae Mytox ohne Bierhefe kann zuverl\u00e4ssig und umfassend Giftstoffe, die im Darm im \u00dcberma\u00df anfallen binden, bevor diese die Darmschleimh\u00e4ute reizen und sp\u00e4ter zu Entz\u00fcndungen f\u00fchren k\u00f6nnen.<\/h5>\n<p>Aufgrund des immer feuchteren Klimas gefolgt von l\u00e4ngeren Hitzeperioden speziell im Sommer wird es immer schwieriger, Heu, Stroh und Getreide trocken einzubringen.<br \/>\nSomit steigt automatisch der Schimmelpilzgehalt in diesen Futtermitteln an.<br \/>\nWenn ein Pferd bereits anderweitig stoffwechselschwach ist oder auch \u00fcber einen l\u00e4ngeren Zeitraum mit solchen Futtermitteln gef\u00fcttert wird, kann es zu \u00dcberempfindlichkeiten kommen.<br \/>\nDiese k\u00f6nnen sich z.B. als chronische Leberprobleme, als Kotwasserproblematik oder als (allergische) Lungenprobleme \u00e4u\u00dfern. Letztere zeigen sich meist als multifaktorelle Geschehen, denen in der Regel meist nicht nur mit einer Ma\u00dfnahme beizukommen ist.<\/p>\n<p>Anzeichen f\u00fcr schimmelpilzbehaftetes Futter:<\/p>\n<p>&nbsp;<\/p>\n<ul>\n<li>Unangenehmer, muffiger, saurer und\/oder erdiger Geruch des Futters<\/li>\n<li>Verf\u00e4rbungen am Futter (z.B. orange-grau, Fusarienbefall)<\/li>\n<li>Klumpen- und\/oder Br\u00fcckenbildung durch erh\u00f6hte Feuchtigkeit<\/li>\n<li>Befall von Schadinsekten<\/li>\n<li>Mutterkorn<\/li>\n<\/ul>\n<p>&nbsp;<\/p>\n<p>HBD\u2019s\u00ae Mytox ohne Bierhefe besteht aus mehreren hochwertigen Wirkkomponenten. Durch die Zuf\u00fctterung k\u00f6nnen sowohl polare als auch unpolare Gifte zu unsch\u00e4dlichen Komplexen gebunden werden.<br \/>\nDiese k\u00f6nnen mit organischen Komponenten, gewonnen aus Hefekulturen, enzymatisch aufgeschlossen und deaktiviert werden.<br \/>\nIn dieser gebundenen Form, k\u00f6nnen diese polaren und unpolaren Pilzgifte nicht \u00fcber den Darm in den K\u00f6rper gelangen und von dort ihre sch\u00e4digende Wirkung entfalten.<br \/>\nDie Gifte werden einfach mit dem Kot ausgeschieden. Eine Beeinflussung der N\u00e4hrstoffaufnahme bzw. N\u00e4hrstoffverwertung besteht durch die Zuf\u00fctterung nicht.<br \/>\nAls Rohstoffe enth\u00e4lt HBD\u2019s\u00ae Mytox ohne Bierhefe nat\u00fcrliche Tonmineralien (Betonite) und Hefeextrakte mit hohen Anteilen an Glukanen. Beide Inhaltstoffe haben toxinbindende Eigenschaften.<\/p>\n<p>Als Tr\u00e4gerstoffe haben wir uns in der bierhefefreien Variante bewusst f\u00fcr Gr\u00fcnmehl entschieden, da auch durch den sonst \u00fcblichen Einsatz von Getreideanteilen (z.B. Hafersch\u00e4lkleie) oder Zucker (meist Dextrose) in Produkten zur Toxinbindung die Darmproblematik erheblich verst\u00e4rkt werden kann.<\/p>\n<p>Mit HBD\u2019s\u00ae Mytox ohne Bierhefe k\u00f6nnen bis zu ca. 85 % aller f\u00fcr das Pferd relevanten Mykotoxine gebunden werden. Studien hierzu liegen vor und k\u00f6nnen eingesehen werden.<\/p>\n<p>Durch den Einsatz von HBD\u2019s\u00ae Mytox ohne Bierhefe wird zwar die Ursache\/Quelle f\u00fcr die Giftstoffe nicht beseitigt, aber dem Pferd mit ausgepr\u00e4gten Problemen kann schnell geholfen werden.<\/p>\n<p>Lassen Sie sich bitte beraten, wie eine urs\u00e4chliche Strategie des Vorgehens aussehen kann, um das bestehende Problem dauerhaft zu beheben.<\/p>\n<p>Folgende Einsatzgebiete sind zu nennen:<\/p>\n<p>&nbsp;<\/p>\n<ul>\n<li>Durchf\u00e4lle, Kotwasser<\/li>\n<li>Chronische Lungenprobleme insbesondere bei Heuallergikern<\/li>\n<li>St\u00f6rung\/Schw\u00e4chung des Immunsystems<\/li>\n<li>chronischen oder akuten Leberproblemen<\/li>\n<li>Im Rahmen einer Entgiftungstherapie, um zus\u00e4tzlichen Toxineintrag aus dem Darm in den K\u00f6rper zu verhindern<\/li>\n<li>Bei Hufrehe (Futterrehe) als Sofortma\u00dfnahme parallel zur Behandlung durch den Tierarzt<\/li>\n<li>Zur Vorbeugung bei gelegentlich schlechten Grundfutterqualit\u00e4ten<\/li>\n<li>Bei akuter Hufrehegefahr (Pferd hat zu viel Fruktan oder Getreide aufgenommen) m\u00f6glichst sofort in doppelter Dosis verabreichen, evtl. kann man so die Hufrehe noch abwenden. Je fr\u00fcher verabreicht, desto besser ist der Schutz vor Hufrehe. Parallel dazu unbedingt ein Basensalz (z.B. Kaisernatron) verabreichen, 20 g je 100 kg K\u00f6rpergewicht\/ Tag.<\/li>\n<li>Bei Pferden mit einer Fehlbesiedelung im Darm, die Enterotoxine (Giftstoffe) produziert, also das Pferd vom Darm ausgehend mit Giftstoffen \u00fcberschwemmt.<\/li>\n<li>Bei einer Fehlbesiedelung der Darmflora, die zur Minderverdauung des Futters f\u00fchrt und dadurch zu Fehlg\u00e4rungen oder F\u00e4ulnisprozessen.<\/li>\n<li>Zur Begleitung bei Wurmkuren f\u00fcr empfindliche Pferde oder f\u00fcr Pferde mit Darmproblemen. Diese k\u00f6nnen mit einem leichten Hufreheschub, einem Allergieschub oder aber auch mit Durchfall auf die Wurmkur reagieren. In diesem Fall ist es sinnvoll, die Wurmkurgabe f\u00fcr 3 \u2013 4 Tage mit HBD\u2019s\u00ae Mytox ohne Bierhefe zu begleiten, um die bei der Entwurmung auftretenden Leichengifte durch die in Massen absterbenden Parasiten zu binden. Diese Gifte k\u00f6nnen gebunden werden, sch\u00e4digen also nicht die Darmschleimh\u00e4ute und wandern kaum ins Blut, um den (Leber-)Stoffwechsel zu belasten. Man sollte 0,5 Tage vor der Wurmkur mit HBD\u2019s\u00ae Mytox ohne Bierhefe beginnen und dieses f\u00fcr weitere 3 Tage verabreichen. Aufwandmenge 10 \u2013 15 g je 100 kg K\u00f6rpergewicht verteilt auf 2 Portionen t\u00e4glich.<\/li>\n<\/ul>\n","protected":false},"excerpt":{"rendered":"<p>Das Futteradditiv zur Deaktivierung von (Pilz-)giften im Darm. HBD\u2019s\u00ae Mytox ohne Bierhefe kann zuverl\u00e4ssig und umfassend Giftstoffe, die im Darm &hellip; <a href=\"https:\/\/lizando-gmbh.de\/index.php\/produkt\/hbds-mytox-ohne-bierhefe\/\" class=\"more-link\">Continue reading <span class=\"screen-reader-text\">HBD\u2019s\u00ae Mytox ohne Bierhefe<\/span><\/a><\/p>\n","protected":false},"featured_media":651,"template":"","meta":[],"product_brand":[],"product_cat":[35,36],"product_tag":[],"class_list":{"0":"post-650","1":"product","2":"type-product","3":"status-publish","4":"has-post-thumbnail","6":"product_cat-pferd","7":"product_cat-privat","8":"product_shipping_class-normale-pakete","10":"first","11":"instock","12":"taxable","13":"shipping-taxable","14":"purchasable","15":"product-type-variable","16":"has-default-attributes"},"_links":{"self":[{"href":"https:\/\/lizando-gmbh.de\/index.php\/wp-json\/wp\/v2\/product\/650","targetHints":{"allow":["GET"]}}],"collection":[{"href":"https:\/\/lizando-gmbh.de\/index.php\/wp-json\/wp\/v2\/product"}],"about":[{"href":"https:\/\/lizando-gmbh.de\/index.php\/wp-json\/wp\/v2\/types\/product"}],"wp:featuredmedia":[{"embeddable":true,"href":"https:\/\/lizando-gmbh.de\/index.php\/wp-json\/wp\/v2\/media\/651"}],"wp:attachment":[{"href":"https:\/\/lizando-gmbh.de\/index.php\/wp-json\/wp\/v2\/media?parent=650"}],"wp:term":[{"taxonomy":"product_brand","embeddable":true,"href":"https:\/\/lizando-gmbh.de\/index.php\/wp-json\/wp\/v2\/product_brand?post=650"},{"taxonomy":"product_cat","embeddable":true,"href":"https:\/\/lizando-gmbh.de\/index.php\/wp-json\/wp\/v2\/product_cat?post=650"},{"taxonomy":"product_tag","embeddable":true,"href":"https:\/\/lizando-gmbh.de\/index.php\/wp-json\/wp\/v2\/product_tag?post=650"}],"curies":[{"name":"wp","href":"https:\/\/api.w.org\/{rel}","templated":true}]}}